{"id":9930,"date":"2025-04-30T11:00:05","date_gmt":"2025-04-30T11:00:05","guid":{"rendered":"https:\/\/www.obenauscommunity.org\/?page_id=9930"},"modified":"2025-08-10T10:48:25","modified_gmt":"2025-08-10T10:48:25","slug":"celebrationobenaus1582025","status":"publish","type":"page","link":"https:\/\/www.obenauscommunity.org\/de\/celebrationobenaus1582025\/","title":{"rendered":"CelebrationObenaus1582025"},"content":{"rendered":"<div data-elementor-type=\"wp-page\" data-elementor-id=\"9930\" class=\"elementor elementor-9930\">\n\t\t\t\t<div class=\"elementor-element elementor-element-87ba3e8 e-flex e-con-boxed e-con e-parent\" data-id=\"87ba3e8\" data-element_type=\"container\">\n\t\t\t\t\t<div class=\"e-con-inner\">\n\t\t\t\t<div class=\"elementor-element elementor-element-cb950c4 elementor-widget elementor-widget-heading\" data-id=\"cb950c4\" data-element_type=\"widget\" data-widget_type=\"heading.default\">\n\t\t\t\t<div class=\"elementor-widget-container\">\n\t\t\t\t\t<h2 class=\"elementor-heading-title elementor-size-default\">Kommt mit uns <span style=\"color: var(--ast-global-color-2);font-size: 2.13333rem;font-style: normal;font-weight: 400;text-align: var(--text-align)\">feiern am 15. <\/span><span style=\"color: var(--ast-global-color-2);font-size: 2.13333rem;font-weight: 400;text-align: var(--text-align)\">August 2025 in Obenaus!<\/span><\/h2>\t\t\t\t<\/div>\n\t\t\t\t<\/div>\n\t\t\t\t\t<\/div>\n\t\t\t\t<\/div>\n\t\t<div class=\"elementor-element elementor-element-78a12ff e-flex e-con-boxed e-con e-parent\" data-id=\"78a12ff\" data-element_type=\"container\">\n\t\t\t\t\t<div class=\"e-con-inner\">\n\t\t\t\t<div class=\"elementor-element elementor-element-e71355d elementor-widget elementor-widget-text-editor\" data-id=\"e71355d\" data-element_type=\"widget\" data-widget_type=\"text-editor.default\">\n\t\t\t\t<div class=\"elementor-widget-container\">\n\t\t\t\t\t\t\t\t\t<p><img fetchpriority=\"high\" decoding=\"async\" class=\"alignright wp-image-10015\" src=\"https:\/\/www.obenauscommunity.org\/wp-content\/uploads\/IMG_1456-1-469x1024.jpg\" alt=\"\" width=\"269\" height=\"587\" srcset=\"https:\/\/www.obenauscommunity.org\/wp-content\/uploads\/IMG_1456-1-469x1024.jpg 469w, https:\/\/www.obenauscommunity.org\/wp-content\/uploads\/IMG_1456-1-183x400.jpg 183w, https:\/\/www.obenauscommunity.org\/wp-content\/uploads\/IMG_1456-1-768x1677.jpg 768w, https:\/\/www.obenauscommunity.org\/wp-content\/uploads\/IMG_1456-1-704x1536.jpg 704w, https:\/\/www.obenauscommunity.org\/wp-content\/uploads\/IMG_1456-1-938x2048.jpg 938w, https:\/\/www.obenauscommunity.org\/wp-content\/uploads\/IMG_1456-1-5x12.jpg 5w, https:\/\/www.obenauscommunity.org\/wp-content\/uploads\/IMG_1456-1-600x1310.jpg 600w, https:\/\/www.obenauscommunity.org\/wp-content\/uploads\/IMG_1456-1-scaled.jpg 1173w\" sizes=\"(max-width: 269px) 100vw, 269px\" \/>Liebe Freunde und Familie,<\/p><p>Wir haben tolle Neuigkeiten f\u00fcr Euch!<br \/>Rainer wurde diesen Februar 60 und im M\u00e4rz haben Maha und er geheiratet!<\/p><p>Wir laden Euch herzlich ein, am 15. August unsere Freude in unserem neuen gemeinsamen Zuhause zu feiern <strong><span style=\"color: #008000;\">in Obenaus<\/span><\/strong> in den sonnigen H\u00fcgeln der S\u00fcdsteiermark, \u00d6sterreich.<\/p><p>Kommt und feiert mit uns das Leben, die Liebe und frisches Beginnen! <span style=\"font-size: 16px;\">Unser Open House ist ein gemeinsames Treffen. Bringt Euer Lieblingsgericht oder -getr\u00e4nk, Eure Lieblingsmusik oder einfach alles mit, was Ihr aus Eurer Welt mit uns teilen m\u00f6chtet. Wir feiern inmitten der Natur und in guter Gesellschaft.<\/span><\/p><p>Kommt gerne schon ab dem 31. Juli an und gestaltet das Fest mit uns mit. Gemeinsam mit Euch machen wir es zu einem unvergesslichen Erlebnis! Wir bieten ausreichend Platz zum Zelten, einige G\u00e4ste k\u00f6nnen in unseren G\u00e4stezimmern \u00fcbernachten oder aus einer Reihe von Hotels und Pensionen in der N\u00e4he w\u00e4hlen. Die grosse Feier findet am Freitag, dem 15. August, statt, Ihr k\u00f6nnt aber gerne das ganze Wochenende bis zum 17. August bleiben, wenn Ihr bei uns auf dem Gel\u00e4nde seid.<\/p><p>Wir freuen uns schon darauf, diese besondere Zeit voller Musik, Kreativit\u00e4t und Freude mit euch zu teilen. Solltet Ihr dieses Mal nicht dabei sein k\u00f6nnen, seid Ihr jederzeit herzlich willkommen, uns ein anderes Mal zu besuchen!<\/p><p>Sonnige Gr\u00fc\u00dfe,<\/p><p>Maha &amp; Rainer<\/p>\t\t\t\t\t\t\t\t<\/div>\n\t\t\t\t<\/div>\n\t\t\t\t\t<\/div>\n\t\t\t\t<\/div>\n\t\t<div class=\"elementor-element elementor-element-6a0d1a9 e-flex e-con-boxed e-con e-parent\" data-id=\"6a0d1a9\" data-element_type=\"container\">\n\t\t\t\t\t<div class=\"e-con-inner\">\n\t\t\t\t<div class=\"elementor-element elementor-element-82fd0ab elementor-align-center elementor-widget elementor-widget-button\" data-id=\"82fd0ab\" data-element_type=\"widget\" data-widget_type=\"button.default\">\n\t\t\t\t<div class=\"elementor-widget-container\">\n\t\t\t\t\t\t\t\t\t<div class=\"elementor-button-wrapper\">\n\t\t\t\t\t<a class=\"elementor-button elementor-button-link elementor-size-sm\" href=\"https:\/\/forms.gle\/1oPJFkXpe87b7GTt8\" target=\"_blank\">\n\t\t\t\t\t\t<span class=\"elementor-button-content-wrapper\">\n\t\t\t\t\t\t<span class=\"elementor-button-icon\">\n\t\t\t\t<i aria-hidden=\"true\" class=\"far fa-laugh\"><\/i>\t\t\t<\/span>\n\t\t\t\t\t\t\t\t\t<span class=\"elementor-button-text\">Ja! Ich komme<\/span>\n\t\t\t\t\t<\/span>\n\t\t\t\t\t<\/a>\n\t\t\t\t<\/div>\n\t\t\t\t\t\t\t\t<\/div>\n\t\t\t\t<\/div>\n\t\t\t\t\t<\/div>\n\t\t\t\t<\/div>\n\t\t<div class=\"elementor-element elementor-element-a67ceb5 e-flex e-con-boxed e-con e-parent\" data-id=\"a67ceb5\" data-element_type=\"container\">\n\t\t\t\t\t<div class=\"e-con-inner\">\n\t\t\t\t<div class=\"elementor-element elementor-element-c5afc60 elementor-align-center elementor-widget elementor-widget-button\" data-id=\"c5afc60\" data-element_type=\"widget\" data-widget_type=\"button.default\">\n\t\t\t\t<div class=\"elementor-widget-container\">\n\t\t\t\t\t\t\t\t\t<div class=\"elementor-button-wrapper\">\n\t\t\t\t\t<a class=\"elementor-button elementor-button-link elementor-size-sm\" href=\"https:\/\/www.obenauscommunity.org\/de\/kontaktiere-uns\/\">\n\t\t\t\t\t\t<span class=\"elementor-button-content-wrapper\">\n\t\t\t\t\t\t\t\t\t<span class=\"elementor-button-text\">Ich m\u00f6chte Euch schreiben...<\/span>\n\t\t\t\t\t<\/span>\n\t\t\t\t\t<\/a>\n\t\t\t\t<\/div>\n\t\t\t\t\t\t\t\t<\/div>\n\t\t\t\t<\/div>\n\t\t\t\t\t<\/div>\n\t\t\t\t<\/div>\n\t\t<div class=\"elementor-element elementor-element-2623f25 e-flex e-con-boxed e-con e-parent\" data-id=\"2623f25\" data-element_type=\"container\">\n\t\t\t\t\t<div class=\"e-con-inner\">\n\t\t\t\t<div class=\"elementor-element elementor-element-964e773 elementor-button-info elementor-align-center elementor-widget elementor-widget-button\" data-id=\"964e773\" data-element_type=\"widget\" data-widget_type=\"button.default\">\n\t\t\t\t<div class=\"elementor-widget-container\">\n\t\t\t\t\t\t\t\t\t<div class=\"elementor-button-wrapper\">\n\t\t\t\t\t<a class=\"elementor-button elementor-button-link elementor-size-sm\" href=\"https:\/\/www.obenauscommunity.org\/de\/celebrationobenaus1582025\/elementor-10144\/\">\n\t\t\t\t\t\t<span class=\"elementor-button-content-wrapper\">\n\t\t\t\t\t\t\t\t\t<span class=\"elementor-button-text\">Das Parteiprogramm<\/span>\n\t\t\t\t\t<\/span>\n\t\t\t\t\t<\/a>\n\t\t\t\t<\/div>\n\t\t\t\t\t\t\t\t<\/div>\n\t\t\t\t<\/div>\n\t\t\t\t\t<\/div>\n\t\t\t\t<\/div>\n\t\t\t\t<\/div>","protected":false},"excerpt":{"rendered":"<p>Join Us on 15th August 2025 for a Celebration at Obenaus! Dear friends and family, We have amazing news to share!Rainer turned 60 this February, and in March, he and Maha tied the knot! We warmly invite you to celebrate on 15 August our joy at our new shared home Obenaus in the sunny hills [&hellip;]<\/p>\n","protected":false},"author":6,"featured_media":0,"parent":0,"menu_order":0,"comment_status":"closed","ping_status":"closed","template":"","meta":{"site-sidebar-layout":"no-sidebar","site-content-layout":"page-builder","ast-site-content-layout":"full-width-container","site-content-style":"default","site-sidebar-style":"default","ast-global-header-display":"","ast-banner-title-visibility":"","ast-main-header-display":"","ast-hfb-above-header-display":"","ast-hfb-below-header-display":"","ast-hfb-mobile-header-display":"","site-post-title":"disabled","ast-breadcrumbs-content":"","ast-featured-img":"disabled","footer-sml-layout":"","theme-transparent-header-meta":"","adv-header-id-meta":"","stick-header-meta":"","header-above-stick-meta":"","header-main-stick-meta":"","header-below-stick-meta":"","astra-migrate-meta-layouts":"set","ast-page-background-enabled":"default","ast-page-background-meta":{"desktop":{"background-color":"","background-image":"","background-repeat":"repeat","background-position":"center center","background-size":"auto","background-attachment":"scroll","background-type":"","background-media":"","overlay-type":"","overlay-color":"","overlay-opacity":"","overlay-gradient":""},"tablet":{"background-color":"","background-image":"","background-repeat":"repeat","background-position":"center center","background-size":"auto","background-attachment":"scroll","background-type":"","background-media":"","overlay-type":"","overlay-color":"","overlay-opacity":"","overlay-gradient":""},"mobile":{"background-color":"","background-image":"","background-repeat":"repeat","background-position":"center center","background-size":"auto","background-attachment":"scroll","background-type":"","background-media":"","overlay-type":"","overlay-color":"","overlay-opacity":"","overlay-gradient":""}},"ast-content-background-meta":{"desktop":{"background-color":"var(--ast-global-color-5)","background-image":"","background-repeat":"repeat","background-position":"center center","background-size":"auto","background-attachment":"scroll","background-type":"","background-media":"","overlay-type":"","overlay-color":"","overlay-opacity":"","overlay-gradient":""},"tablet":{"background-color":"var(--ast-global-color-5)","background-image":"","background-repeat":"repeat","background-position":"center center","background-size":"auto","background-attachment":"scroll","background-type":"","background-media":"","overlay-type":"","overlay-color":"","overlay-opacity":"","overlay-gradient":""},"mobile":{"background-color":"var(--ast-global-color-5)","background-image":"","background-repeat":"repeat","background-position":"center center","background-size":"auto","background-attachment":"scroll","background-type":"","background-media":"","overlay-type":"","overlay-color":"","overlay-opacity":"","overlay-gradient":""}},"footnotes":""},"class_list":["post-9930","page","type-page","status-publish","hentry"],"_links":{"self":[{"href":"https:\/\/www.obenauscommunity.org\/de\/wp-json\/wp\/v2\/pages\/9930","targetHints":{"allow":["GET"]}}],"collection":[{"href":"https:\/\/www.obenauscommunity.org\/de\/wp-json\/wp\/v2\/pages"}],"about":[{"href":"https:\/\/www.obenauscommunity.org\/de\/wp-json\/wp\/v2\/types\/page"}],"author":[{"embeddable":true,"href":"https:\/\/www.obenauscommunity.org\/de\/wp-json\/wp\/v2\/users\/6"}],"replies":[{"embeddable":true,"href":"https:\/\/www.obenauscommunity.org\/de\/wp-json\/wp\/v2\/comments?post=9930"}],"version-history":[{"count":10,"href":"https:\/\/www.obenauscommunity.org\/de\/wp-json\/wp\/v2\/pages\/9930\/revisions"}],"predecessor-version":[{"id":10158,"href":"https:\/\/www.obenauscommunity.org\/de\/wp-json\/wp\/v2\/pages\/9930\/revisions\/10158"}],"wp:attachment":[{"href":"https:\/\/www.obenauscommunity.org\/de\/wp-json\/wp\/v2\/media?parent=9930"}],"curies":[{"name":"wp","href":"https:\/\/api.w.org\/{rel}","templated":true}]}}