{"id":791,"date":"2014-05-09T01:10:25","date_gmt":"2014-05-09T01:10:25","guid":{"rendered":"http:\/\/www.obenauscommunity.org\/at\/?page_id=791"},"modified":"2014-06-13T00:22:04","modified_gmt":"2014-06-13T00:22:04","slug":"sternbildgemeinschaft","status":"publish","type":"page","link":"https:\/\/www.obenauscommunity.org\/de\/sternbildgemeinschaft\/","title":{"rendered":"Willkommen in einer Constellations-Community"},"content":{"rendered":"<div class=\"coltext\">\n<div class=\"colright moco\">\n<div class=\"inright moco\">\n<div class=\"colsmall moco\">\n<div class=\"insmall moco\" style=\"margin-top: 0px;\">\n     <img decoding=\"async\" class=\"col moco\" src=\"http:\/\/www.obenauscommunity.org\/wp-content\/uploads\/welcome.jpg\" alt=\"A\" \/>\n     <\/div>\n<\/p>\n<\/div>\n<p>Stellen Sie sich vor, dass wir zumindest potenziell mit allem verbunden sind, was es im Universum gibt\u2026. und wir k\u00f6nnen unseren K\u00f6rper und seine Sinne nutzen, um tats\u00e4chlich eine Verbindung zu einigen bestimmten Dingen da drau\u00dfen herzustellen.<\/p>\n<p>Was k\u00f6nnen wir also \u00fcber unsere Aufgaben im Leben lernen und erfahren, wenn wir sehen, wie sie mit Hilfe einer Gruppe zusammenkommen, die durch ihre K\u00f6rperempfindungen das repr\u00e4sentiert, was relevant ist?<\/p>\n<h5>Willkommen bei der systemischen Aufstellungsarbeit.<\/h5>\n<p><a href=\"http:\/\/www.obenauscommunity.org\/de\/lena-maria-jacobsson\/\">Lena Jacobsson<\/a> und <a href=\"http:\/\/www.obenauscommunity.org\/de\/rainer-v-leoprechting\/\">Rainer v. Leoprechting<\/a> Gastgeber dieser Konstellationsgemeinschaft. Wir laden alle Interessierten sowie sehr erfahrene Praktiker zur Zusammenarbeit ein. Dies bietet Ihnen einen umfassenden Einblick in die systemische Arbeit, von gesch\u00e4ftlichen Aufstellungen \u00fcber politische Themen bis hin zu sehr pers\u00f6nlichen Systemen.<br \/> Egal, ob Sie ein erfahrener Praktiker oder ein Erstanwender sind: Entdecken Sie gerne diese Website, insbesondere die Seiten zu den Seminaren.<\/p>\n<p>Entdecken Sie systemische Konstellationen in vielen ihrer Anwendungsm\u00f6glichkeiten. <br \/> Wenn Sie die Anwendung systemischer Aufstellungsarbeit erlernen m\u00f6chten, k\u00f6nnen Sie sich zertifizieren und an f\u00fcnf Schulungsmodulen \u00e0 vier Tagen teilnehmen. So k\u00f6nnen Sie Ihr eigenes Programm entsprechend Ihrer Agenda und Ihren Bed\u00fcrfnissen zusammenstellen.<\/p>\n<p>Wenn Sie ein Thema vortragen oder an einem eint\u00e4gigen Gruppenworkshop teilnehmen m\u00f6chten, k\u00f6nnen Sie sich nur f\u00fcr einen Tag oder einen halben Tag anmelden.<\/p>\n<p>Wenn Sie ein erfahrener Praktiker sind und Ihre Arbeit teilen, Workshops mit der Community anbieten oder eine Intervention als Feld durchf\u00fchren m\u00f6chten, treten Sie der Community bei.<br \/> Kontaktieren Sie Lena und Rainer f\u00fcr weitere Details.<\/p>\n<\/div>\n<\/div>\n<div class=\"colleft moco\">\n<div class=\"inleft moco\">\n     <img decoding=\"async\" class=\"col moco\" src=\"http:\/\/www.obenauscommunity.org\/wp-content\/uploads\/constimPark_.jpg\" alt=\"C\" \/>\n     <\/div>\n<\/p>\n<\/div>\n<\/div>","protected":false},"excerpt":{"rendered":"<p>Imagine that we are at least potentially connected to all that there is in the universe&#8230;. and we can use our bodies and its senses to actually connect to a few specific things out there. So what can we learn and experience about our quests in life if we see them coming together with the [&hellip;]<\/p>\n","protected":false},"author":6,"featured_media":0,"parent":0,"menu_order":0,"comment_status":"open","ping_status":"open","template":"","meta":{"site-sidebar-layout":"default","site-content-layout":"","ast-site-content-layout":"default","site-content-style":"default","site-sidebar-style":"default","ast-global-header-display":"","ast-banner-title-visibility":"","ast-main-header-display":"","ast-hfb-above-header-display":"","ast-hfb-below-header-display":"","ast-hfb-mobile-header-display":"","site-post-title":"","ast-breadcrumbs-content":"","ast-featured-img":"","footer-sml-layout":"","theme-transparent-header-meta":"","adv-header-id-meta":"","stick-header-meta":"","header-above-stick-meta":"","header-main-stick-meta":"","header-below-stick-meta":"","astra-migrate-meta-layouts":"default","ast-page-background-enabled":"default","ast-page-background-meta":{"desktop":{"background-color":"","background-image":"","background-repeat":"repeat","background-position":"center center","background-size":"auto","background-attachment":"scroll","background-type":"","background-media":"","overlay-type":"","overlay-color":"","overlay-opacity":"","overlay-gradient":""},"tablet":{"background-color":"","background-image":"","background-repeat":"repeat","background-position":"center center","background-size":"auto","background-attachment":"scroll","background-type":"","background-media":"","overlay-type":"","overlay-color":"","overlay-opacity":"","overlay-gradient":""},"mobile":{"background-color":"","background-image":"","background-repeat":"repeat","background-position":"center center","background-size":"auto","background-attachment":"scroll","background-type":"","background-media":"","overlay-type":"","overlay-color":"","overlay-opacity":"","overlay-gradient":""}},"ast-content-background-meta":{"desktop":{"background-color":"var(--ast-global-color-5)","background-image":"","background-repeat":"repeat","background-position":"center center","background-size":"auto","background-attachment":"scroll","background-type":"","background-media":"","overlay-type":"","overlay-color":"","overlay-opacity":"","overlay-gradient":""},"tablet":{"background-color":"var(--ast-global-color-5)","background-image":"","background-repeat":"repeat","background-position":"center center","background-size":"auto","background-attachment":"scroll","background-type":"","background-media":"","overlay-type":"","overlay-color":"","overlay-opacity":"","overlay-gradient":""},"mobile":{"background-color":"var(--ast-global-color-5)","background-image":"","background-repeat":"repeat","background-position":"center center","background-size":"auto","background-attachment":"scroll","background-type":"","background-media":"","overlay-type":"","overlay-color":"","overlay-opacity":"","overlay-gradient":""}},"footnotes":""},"class_list":["post-791","page","type-page","status-publish","hentry"],"_links":{"self":[{"href":"https:\/\/www.obenauscommunity.org\/de\/wp-json\/wp\/v2\/pages\/791","targetHints":{"allow":["GET"]}}],"collection":[{"href":"https:\/\/www.obenauscommunity.org\/de\/wp-json\/wp\/v2\/pages"}],"about":[{"href":"https:\/\/www.obenauscommunity.org\/de\/wp-json\/wp\/v2\/types\/page"}],"author":[{"embeddable":true,"href":"https:\/\/www.obenauscommunity.org\/de\/wp-json\/wp\/v2\/users\/6"}],"replies":[{"embeddable":true,"href":"https:\/\/www.obenauscommunity.org\/de\/wp-json\/wp\/v2\/comments?post=791"}],"version-history":[{"count":83,"href":"https:\/\/www.obenauscommunity.org\/de\/wp-json\/wp\/v2\/pages\/791\/revisions"}],"predecessor-version":[{"id":1674,"href":"https:\/\/www.obenauscommunity.org\/de\/wp-json\/wp\/v2\/pages\/791\/revisions\/1674"}],"wp:attachment":[{"href":"https:\/\/www.obenauscommunity.org\/de\/wp-json\/wp\/v2\/media?parent=791"}],"curies":[{"name":"wp","href":"https:\/\/api.w.org\/{rel}","templated":true}]}}