{"id":4744,"date":"2020-07-09T11:50:13","date_gmt":"2020-07-09T11:50:13","guid":{"rendered":"https:\/\/www.obenauscommunity.org\/?page_id=4744"},"modified":"2024-01-15T16:04:57","modified_gmt":"2024-01-15T16:04:57","slug":"der-gemeinschaft-beitreten","status":"publish","type":"page","link":"https:\/\/www.obenauscommunity.org\/de\/der-gemeinschaft-beitreten\/","title":{"rendered":"Werde Mitglied der Gemeinschaft"},"content":{"rendered":"<div data-elementor-type=\"wp-page\" data-elementor-id=\"4744\" class=\"elementor elementor-4744\">\n\t\t\t\t\t\t<section class=\"elementor-section elementor-top-section elementor-element elementor-element-766fb18 elementor-section-boxed elementor-section-height-default elementor-section-height-default\" data-id=\"766fb18\" data-element_type=\"section\">\n\t\t\t\t\t\t<div class=\"elementor-container elementor-column-gap-default\">\n\t\t\t\t\t<div class=\"elementor-column elementor-col-100 elementor-top-column elementor-element elementor-element-0f47c74\" data-id=\"0f47c74\" data-element_type=\"column\">\n\t\t\t<div class=\"elementor-widget-wrap elementor-element-populated\">\n\t\t\t\t\t\t<div class=\"elementor-element elementor-element-29dd48a elementor-widget elementor-widget-heading\" data-id=\"29dd48a\" data-element_type=\"widget\" data-widget_type=\"heading.default\">\n\t\t\t\t<div class=\"elementor-widget-container\">\n\t\t\t\t\t<h1 class=\"elementor-heading-title elementor-size-default\">Werde Mitglied der Gemeinschaft<\/h1>\t\t\t\t<\/div>\n\t\t\t\t<\/div>\n\t\t\t\t\t<\/div>\n\t\t<\/div>\n\t\t\t\t\t<\/div>\n\t\t<\/section>\n\t\t\t\t<section class=\"elementor-section elementor-top-section elementor-element elementor-element-c9b321d elementor-section-boxed elementor-section-height-default elementor-section-height-default\" data-id=\"c9b321d\" data-element_type=\"section\">\n\t\t\t\t\t\t<div class=\"elementor-container elementor-column-gap-default\">\n\t\t\t\t\t<div class=\"elementor-column elementor-col-100 elementor-top-column elementor-element elementor-element-dbe0dc7\" data-id=\"dbe0dc7\" data-element_type=\"column\">\n\t\t\t<div class=\"elementor-widget-wrap elementor-element-populated\">\n\t\t\t\t\t\t<div class=\"elementor-element elementor-element-79547ad elementor-widget elementor-widget-text-editor\" data-id=\"79547ad\" data-element_type=\"widget\" data-widget_type=\"text-editor.default\">\n\t\t\t\t<div class=\"elementor-widget-container\">\n\t\t\t\t\t\t\t\t\t<p><span style=\"font-weight: 400;\">Die Obenaus-Gemeinschaft ist ein ehrenamtlicher Raum. Sie k\u00f6nnen zu uns kommen und wieder gehen, wie es zu Ihrem Leben und Ihren Pl\u00e4nen passt. Da die Verpflichtungen f\u00fcr Sie hier umso dauerhafter werden, je l\u00e4nger Sie bleiben m\u00f6chten, sehen wir drei verschiedene Phasen des Engagements. Als befristetes oder unbefristetes Mitglied der Gemeinschaft haben Sie volles Mitbestimmungs- und Mitspracherecht bei der Gestaltung des Alltagslebens in Obenaus.<\/span><\/p>\t\t\t\t\t\t\t\t<\/div>\n\t\t\t\t<\/div>\n\t\t\t\t\t<\/div>\n\t\t<\/div>\n\t\t\t\t\t<\/div>\n\t\t<\/section>\n\t\t\t\t<section class=\"elementor-section elementor-top-section elementor-element elementor-element-ec06ca9 elementor-section-boxed elementor-section-height-default elementor-section-height-default\" data-id=\"ec06ca9\" data-element_type=\"section\">\n\t\t\t\t\t\t<div class=\"elementor-container elementor-column-gap-default\">\n\t\t\t\t\t<div class=\"elementor-column elementor-col-100 elementor-top-column elementor-element elementor-element-fef5a6d\" data-id=\"fef5a6d\" data-element_type=\"column\">\n\t\t\t<div class=\"elementor-widget-wrap elementor-element-populated\">\n\t\t\t\t\t\t<div class=\"elementor-element elementor-element-c63033a elementor-widget elementor-widget-text-editor\" data-id=\"c63033a\" data-element_type=\"widget\" data-widget_type=\"text-editor.default\">\n\t\t\t\t<div class=\"elementor-widget-container\">\n\t\t\t\t\t\t\t\t\t<h2><span style=\"font-weight: 400;\">Gastbewohner<\/span><\/h2><p><span style=\"font-weight: 400;\">Die Besuche werden individuell vereinbart, sodass wir beide unsere Priorit\u00e4ten f\u00fcreinander, die Termine und alle anderen Bedingungen vereinbaren k\u00f6nnen. Manchmal haben wir einige Themen definiert, damit Sie andere Bewohner treffen k\u00f6nnen, die Ihr Interesse an diesem Thema teilen.<\/span><\/p>\t\t\t\t\t\t\t\t<\/div>\n\t\t\t\t<\/div>\n\t\t\t\t\t<\/div>\n\t\t<\/div>\n\t\t\t\t\t<\/div>\n\t\t<\/section>\n\t\t\t\t<section class=\"elementor-section elementor-top-section elementor-element elementor-element-71710e9 elementor-section-boxed elementor-section-height-default elementor-section-height-default\" data-id=\"71710e9\" data-element_type=\"section\">\n\t\t\t\t\t\t<div class=\"elementor-container elementor-column-gap-default\">\n\t\t\t\t\t<div class=\"elementor-column elementor-col-100 elementor-top-column elementor-element elementor-element-50c6f7c\" data-id=\"50c6f7c\" data-element_type=\"column\">\n\t\t\t<div class=\"elementor-widget-wrap elementor-element-populated\">\n\t\t\t\t\t\t<div class=\"elementor-element elementor-element-9b0e857 elementor-widget elementor-widget-text-editor\" data-id=\"9b0e857\" data-element_type=\"widget\" data-widget_type=\"text-editor.default\">\n\t\t\t\t<div class=\"elementor-widget-container\">\n\t\t\t\t\t\t\t\t\t<h2><span style=\"font-weight: 400;\">Bewohner\u00a0<\/span><\/h2><p><span style=\"font-weight: 400;\">Sie k\u00f6nnen einziehen und ein dauerhafteres Community-Mitglied werden. In solchen F\u00e4llen schauen wir, wie Ihre Lebensentw\u00fcrfe und die der anderen festen Mitglieder zusammenpassen. Wenn Ihr Aufenthalt l\u00e4nger dauert, empfehlen wir Ihnen, ebenfalls Miteigent\u00fcmer zu werden.<\/span><\/p>\t\t\t\t\t\t\t\t<\/div>\n\t\t\t\t<\/div>\n\t\t\t\t\t<\/div>\n\t\t<\/div>\n\t\t\t\t\t<\/div>\n\t\t<\/section>\n\t\t\t\t<section class=\"elementor-section elementor-top-section elementor-element elementor-element-c0ede58 elementor-section-boxed elementor-section-height-default elementor-section-height-default\" data-id=\"c0ede58\" data-element_type=\"section\">\n\t\t\t\t\t\t<div class=\"elementor-container elementor-column-gap-default\">\n\t\t\t\t\t<div class=\"elementor-column elementor-col-100 elementor-top-column elementor-element elementor-element-2f6c953\" data-id=\"2f6c953\" data-element_type=\"column\">\n\t\t\t<div class=\"elementor-widget-wrap elementor-element-populated\">\n\t\t\t\t\t\t<div class=\"elementor-element elementor-element-e768d01 elementor-widget elementor-widget-text-editor\" data-id=\"e768d01\" data-element_type=\"widget\" data-widget_type=\"text-editor.default\">\n\t\t\t\t<div class=\"elementor-widget-container\">\n\t\t\t\t\t\t\t\t\t<h2><span style=\"font-weight: 400;\">Mitinhaber<\/span><\/h2><p><span style=\"font-weight: 400;\">Nach einer Aufenthaltsdauer k\u00f6nnen Sie Miteigent\u00fcmer werden und Obenaus langfristig mitgestalten. Sie haben das Recht, so lange zu bleiben, wie es Ihnen passt. Deshalb m\u00fcssen die anderen Eigent\u00fcmer Sie akzeptieren und Ihrem Beitritt zustimmen.<br \/><\/span><span style=\"font-size: 15px; font-weight: 400;\">Wir empfehlen Ihnen, einen Anteil von mindestens 50.000 \u20ac in den Wohnraum zu investieren. Mit dieser Investition beteiligen Sie sich auch an den gesamten Investitionsentscheidungen rund um Obenaus. <\/span><span style=\"font-size: 15px; font-weight: 400;\">Wenn dieser Bargeldbetrag nicht in Ihren H\u00e4nden ist, k\u00f6nnen wir einen Sparplan vereinbaren, um die Investition im Laufe der Zeit aufzubauen.<\/span><\/p>\t\t\t\t\t\t\t\t<\/div>\n\t\t\t\t<\/div>\n\t\t\t\t\t<\/div>\n\t\t<\/div>\n\t\t\t\t\t<\/div>\n\t\t<\/section>\n\t\t\t\t<section class=\"elementor-section elementor-top-section elementor-element elementor-element-e196245 elementor-section-boxed elementor-section-height-default elementor-section-height-default\" data-id=\"e196245\" data-element_type=\"section\">\n\t\t\t\t\t\t<div class=\"elementor-container elementor-column-gap-default\">\n\t\t\t\t\t<div class=\"elementor-column elementor-col-100 elementor-top-column elementor-element elementor-element-4cee526\" data-id=\"4cee526\" data-element_type=\"column\">\n\t\t\t<div class=\"elementor-widget-wrap elementor-element-populated\">\n\t\t\t\t\t\t<div class=\"elementor-element elementor-element-a5cff21 elementor-widget elementor-widget-text-editor\" data-id=\"a5cff21\" data-element_type=\"widget\" data-widget_type=\"text-editor.default\">\n\t\t\t\t<div class=\"elementor-widget-container\">\n\t\t\t\t\t\t\t\t\t<h2><span style=\"font-weight: 400;\">F\u00f6rderndes Community-Mitglied<\/span><\/h2><p><span style=\"font-weight: 400;\">Ihre Online-Community-Mitgliedschaft. Wir laden Sie ein, sich mit dem breiteren weltweiten Netz von Obenaus-Freunden zu treffen, um die Entwicklungen des Ortes zu unterst\u00fctzen und sich online zu vernetzen. Der empfohlene Mitgliedsbeitrag betr\u00e4gt 95,00 \u20ac pro Jahr. Gerne k\u00f6nnen Sie uns auch mit einem h\u00f6heren Betrag unterst\u00fctzen. Wenn Sie nach Obenaus reisen, sind die ersten beiden Tage Ihres Besuchs kostenlos.<br \/><a href=\"https:\/\/www.obenauscommunity.org\/de\/produkt\/mitgliedschaft\/\" target=\"_blank\" rel=\"noopener\">Hier registrieren.<\/a><\/span><\/p>\t\t\t\t\t\t\t\t<\/div>\n\t\t\t\t<\/div>\n\t\t\t\t\t<\/div>\n\t\t<\/div>\n\t\t\t\t\t<\/div>\n\t\t<\/section>\n\t\t\t\t<\/div>","protected":false},"excerpt":{"rendered":"<p>Joining the Community The Obenaus community is a voluntary space. You can join us and leave again as it fits your life and plans. As the commitments for you here become more lasting the longer you want to stay, we see three various stages of engagement. As a community member, be it for a limited [&hellip;]<\/p>\n","protected":false},"author":6,"featured_media":0,"parent":0,"menu_order":0,"comment_status":"closed","ping_status":"closed","template":"","meta":{"site-sidebar-layout":"no-sidebar","site-content-layout":"page-builder","ast-site-content-layout":"default","site-content-style":"default","site-sidebar-style":"default","ast-global-header-display":"","ast-banner-title-visibility":"","ast-main-header-display":"","ast-hfb-above-header-display":"","ast-hfb-below-header-display":"","ast-hfb-mobile-header-display":"","site-post-title":"disabled","ast-breadcrumbs-content":"","ast-featured-img":"disabled","footer-sml-layout":"","theme-transparent-header-meta":"default","adv-header-id-meta":"","stick-header-meta":"","header-above-stick-meta":"","header-main-stick-meta":"","header-below-stick-meta":"","astra-migrate-meta-layouts":"default","ast-page-background-enabled":"default","ast-page-background-meta":{"desktop":{"background-color":"","background-image":"","background-repeat":"repeat","background-position":"center center","background-size":"auto","background-attachment":"scroll","background-type":"","background-media":"","overlay-type":"","overlay-color":"","overlay-opacity":"","overlay-gradient":""},"tablet":{"background-color":"","background-image":"","background-repeat":"repeat","background-position":"center center","background-size":"auto","background-attachment":"scroll","background-type":"","background-media":"","overlay-type":"","overlay-color":"","overlay-opacity":"","overlay-gradient":""},"mobile":{"background-color":"","background-image":"","background-repeat":"repeat","background-position":"center center","background-size":"auto","background-attachment":"scroll","background-type":"","background-media":"","overlay-type":"","overlay-color":"","overlay-opacity":"","overlay-gradient":""}},"ast-content-background-meta":{"desktop":{"background-color":"var(--ast-global-color-5)","background-image":"","background-repeat":"repeat","background-position":"center center","background-size":"auto","background-attachment":"scroll","background-type":"","background-media":"","overlay-type":"","overlay-color":"","overlay-opacity":"","overlay-gradient":""},"tablet":{"background-color":"var(--ast-global-color-5)","background-image":"","background-repeat":"repeat","background-position":"center center","background-size":"auto","background-attachment":"scroll","background-type":"","background-media":"","overlay-type":"","overlay-color":"","overlay-opacity":"","overlay-gradient":""},"mobile":{"background-color":"var(--ast-global-color-5)","background-image":"","background-repeat":"repeat","background-position":"center center","background-size":"auto","background-attachment":"scroll","background-type":"","background-media":"","overlay-type":"","overlay-color":"","overlay-opacity":"","overlay-gradient":""}},"footnotes":""},"class_list":["post-4744","page","type-page","status-publish","hentry"],"_links":{"self":[{"href":"https:\/\/www.obenauscommunity.org\/de\/wp-json\/wp\/v2\/pages\/4744","targetHints":{"allow":["GET"]}}],"collection":[{"href":"https:\/\/www.obenauscommunity.org\/de\/wp-json\/wp\/v2\/pages"}],"about":[{"href":"https:\/\/www.obenauscommunity.org\/de\/wp-json\/wp\/v2\/types\/page"}],"author":[{"embeddable":true,"href":"https:\/\/www.obenauscommunity.org\/de\/wp-json\/wp\/v2\/users\/6"}],"replies":[{"embeddable":true,"href":"https:\/\/www.obenauscommunity.org\/de\/wp-json\/wp\/v2\/comments?post=4744"}],"version-history":[{"count":10,"href":"https:\/\/www.obenauscommunity.org\/de\/wp-json\/wp\/v2\/pages\/4744\/revisions"}],"predecessor-version":[{"id":9650,"href":"https:\/\/www.obenauscommunity.org\/de\/wp-json\/wp\/v2\/pages\/4744\/revisions\/9650"}],"wp:attachment":[{"href":"https:\/\/www.obenauscommunity.org\/de\/wp-json\/wp\/v2\/media?parent=4744"}],"curies":[{"name":"wp","href":"https:\/\/api.w.org\/{rel}","templated":true}]}}