{"id":4725,"date":"2020-07-09T10:15:09","date_gmt":"2020-07-09T10:15:09","guid":{"rendered":"https:\/\/www.obenauscommunity.org\/?page_id=4725"},"modified":"2020-07-09T12:20:02","modified_gmt":"2020-07-09T12:20:02","slug":"wohnen-in-obenaus","status":"publish","type":"page","link":"https:\/\/www.obenauscommunity.org\/de\/wohnen-in-obenaus\/","title":{"rendered":"In Obenaus leben und wohnen"},"content":{"rendered":"<div data-elementor-type=\"wp-page\" data-elementor-id=\"4725\" class=\"elementor elementor-4725\">\n\t\t\t\t\t\t<section class=\"elementor-section elementor-top-section elementor-element elementor-element-b936a02 elementor-section-boxed elementor-section-height-default elementor-section-height-default\" data-id=\"b936a02\" data-element_type=\"section\">\n\t\t\t\t\t\t<div class=\"elementor-container elementor-column-gap-default\">\n\t\t\t\t\t<div class=\"elementor-column elementor-col-100 elementor-top-column elementor-element elementor-element-688d773\" data-id=\"688d773\" data-element_type=\"column\">\n\t\t\t<div class=\"elementor-widget-wrap elementor-element-populated\">\n\t\t\t\t\t\t<div class=\"elementor-element elementor-element-201a97e elementor-widget elementor-widget-heading\" data-id=\"201a97e\" data-element_type=\"widget\" data-widget_type=\"heading.default\">\n\t\t\t\t<div class=\"elementor-widget-container\">\n\t\t\t\t\t<h1 class=\"elementor-heading-title elementor-size-default\">In Obenaus leben und wohnen<\/h1>\t\t\t\t<\/div>\n\t\t\t\t<\/div>\n\t\t\t\t\t<\/div>\n\t\t<\/div>\n\t\t\t\t\t<\/div>\n\t\t<\/section>\n\t\t\t\t<section class=\"elementor-section elementor-top-section elementor-element elementor-element-8a4fbc7 elementor-section-boxed elementor-section-height-default elementor-section-height-default\" data-id=\"8a4fbc7\" data-element_type=\"section\">\n\t\t\t\t\t\t<div class=\"elementor-container elementor-column-gap-default\">\n\t\t\t\t\t<div class=\"elementor-column elementor-col-100 elementor-top-column elementor-element elementor-element-c2cfd95\" data-id=\"c2cfd95\" data-element_type=\"column\">\n\t\t\t<div class=\"elementor-widget-wrap elementor-element-populated\">\n\t\t\t\t\t\t<div class=\"elementor-element elementor-element-ffe09f6 elementor-widget elementor-widget-text-editor\" data-id=\"ffe09f6\" data-element_type=\"widget\" data-widget_type=\"text-editor.default\">\n\t\t\t\t<div class=\"elementor-widget-container\">\n\t\t\t\t\t\t\t\t\t<h1><span style=\"font-weight: 400;\">Es ist an der Zeit<\/span><\/h1>\n<p><span style=\"font-weight: 400;\">Wenn wir wissen, dass die Tage des unbegrenzten Konsums, und des Lebens aus fossiler Energie gez\u00e4hlt sind,<br \/><\/span><span style=\"font-weight: 400;\">Wenn wir uns bewusst sind, dass kleine Kernfamilien nicht f\u00fcr Kinder oder \u00e4ltere Menschen sorgen k\u00f6nnen,<br \/><\/span><span style=\"font-weight: 400;\">Wenn wir wissen, dass Essen wichtig ist und gesund sein muss,<\/span><\/p>\n<p><span style=\"font-weight: 400;\">Da haben ein paar Leute sich entschlossen, das Alltagsleben zum Experiment zu machen und herauszufinden, wie es wirklich ist, in einer gr\u00f6\u00dferen Gemeinschaft zu leben, die \u00fcber den Kern der Familie hinausgeht.\u00a0<br \/><\/span><span style=\"font-weight: 400;\">Wie Sie lesen und sehen werden, erfordert es Arbeit. Und kann dabei \u00e4u\u00dferst belebend und fr\u00f6hlich sein.\u00a0<\/span><\/p>\t\t\t\t\t\t\t\t<\/div>\n\t\t\t\t<\/div>\n\t\t\t\t\t<\/div>\n\t\t<\/div>\n\t\t\t\t\t<\/div>\n\t\t<\/section>\n\t\t\t\t<section class=\"elementor-section elementor-top-section elementor-element elementor-element-cf02fee elementor-section-boxed elementor-section-height-default elementor-section-height-default\" data-id=\"cf02fee\" data-element_type=\"section\">\n\t\t\t\t\t\t<div class=\"elementor-container elementor-column-gap-default\">\n\t\t\t\t\t<div class=\"elementor-column elementor-col-100 elementor-top-column elementor-element elementor-element-2a7cf6f\" data-id=\"2a7cf6f\" data-element_type=\"column\">\n\t\t\t<div class=\"elementor-widget-wrap elementor-element-populated\">\n\t\t\t\t\t\t<div class=\"elementor-element elementor-element-7796252 elementor-widget elementor-widget-text-editor\" data-id=\"7796252\" data-element_type=\"widget\" data-widget_type=\"text-editor.default\">\n\t\t\t\t<div class=\"elementor-widget-container\">\n\t\t\t\t\t\t\t\t\t<h1><span style=\"font-weight: 400;\">Nat\u00fcrlich leben<\/span><\/h1>\n<p><span style=\"font-weight: 400;\">Was ist eine Lebensweise, die Mensch und Natur in Einklang bringt?\u00a0<\/span><\/p>\n<p><span style=\"font-weight: 400;\">Weit davon entfernt, alle Antworten im Voraus zu kennen, experimentieren und entwickeln wir das Leben in einer selbstgew\u00e4hlten freiwilligen Gemeinschaft, auf dem Land mit frischem Wasser und sauberer Luft, pflegen Verbindungen und Kommunikation im Alltag, arbeiten mit K\u00f6rper und Geist. Wir achten auf die Qualit\u00e4t des Bodens und der Nahrung, um nur einige wesentliche Elemente zu nennen.<\/span><\/p>\n<p><span style=\"font-weight: 400;\">Die Obenaus-Community begann damit, dass Menschen von Br\u00fcssel in die S\u00fcdsteiermark zogen und einen heruntergekommenen Bauernhof bewohnten, mit der Absicht, gesund und mit der Natur als Leitfaden zu leben.\u00a0<\/span><\/p>\n<p><span style=\"font-weight: 400;\">Mit der Unterst\u00fctzung der Gemeinde Ehrenhausen treten wir nun in eine neue Phase ein. Wir werden in der Lage sein, das gesamte Anwesen zu entwickeln, die Geb\u00e4ude wieder aufzubauen und weitere Bewohner einzuladen, sich uns hier anzuschlie\u00dfen.\u00a0<\/span><\/p>\t\t\t\t\t\t\t\t<\/div>\n\t\t\t\t<\/div>\n\t\t\t\t\t<\/div>\n\t\t<\/div>\n\t\t\t\t\t<\/div>\n\t\t<\/section>\n\t\t\t\t<section class=\"elementor-section elementor-top-section elementor-element elementor-element-2114b8f elementor-section-boxed elementor-section-height-default elementor-section-height-default\" data-id=\"2114b8f\" data-element_type=\"section\">\n\t\t\t\t\t\t<div class=\"elementor-container elementor-column-gap-default\">\n\t\t\t\t\t<div class=\"elementor-column elementor-col-100 elementor-top-column elementor-element elementor-element-141c1e8\" data-id=\"141c1e8\" data-element_type=\"column\">\n\t\t\t<div class=\"elementor-widget-wrap elementor-element-populated\">\n\t\t\t\t\t\t<div class=\"elementor-element elementor-element-fd15ed9 elementor-widget elementor-widget-text-editor\" data-id=\"fd15ed9\" data-element_type=\"widget\" data-widget_type=\"text-editor.default\">\n\t\t\t\t<div class=\"elementor-widget-container\">\n\t\t\t\t\t\t\t\t\t<h1><span style=\"font-weight: 400;\">Ein Lebensstil, der zur Biosph\u00e4re passt\u00a0<\/span><\/h1>\n<p><span style=\"font-weight: 400;\">In Obenaus achten wir darauf, nur Materialien zu verwenden, die wir so, wie sie sind, der lokalen Umwelt zur\u00fcckgeben k\u00f6nnen. Kompostieren ist die Regel. Wir verf\u00fcgen \u00fcber einen eigenen Brunnen und ein lokales biologisches Abwassersystem. Geheizt wird mit heimischem Holz. Wir produzieren eigenen Strom und bald auch Heizung mit der Sonne. Alle diese Installationen sind robust und k\u00f6nnen von uns selbst \u00fcberwacht werden. Wir verlassen die gro\u00dfen Netze und leben mit einfachen Direktsystemen.<\/span><\/p>\n<p><span style=\"font-weight: 400;\">Technologie unterst\u00fctzt den neuen Lebensstil. Dank Internet und Videokonferenzen k\u00f6nnen wir uns mit der ganzen Welt verbinden. Mittlerweile treffen wir Menschen online zu engen und intimen Gespr\u00e4chen ebenso wie zu Gesch\u00e4ftstreffen. Dadurch entf\u00e4llt die Notwendigkeit, ins B\u00fcro zu pendeln oder in der Stadt zu wohnen. Wir k\u00f6nnen auf dem Land leben und mit unseren Kollegen zusammenarbeiten, wo auch immer sie sind. Wir genie\u00dfen frische Luft, sauberes Wasser und leben in Verbindung mit der gr\u00fcnen Natur.<\/span><\/p>\t\t\t\t\t\t\t\t<\/div>\n\t\t\t\t<\/div>\n\t\t\t\t\t<\/div>\n\t\t<\/div>\n\t\t\t\t\t<\/div>\n\t\t<\/section>\n\t\t\t\t<section class=\"elementor-section elementor-top-section elementor-element elementor-element-89b7e8c elementor-section-boxed elementor-section-height-default elementor-section-height-default\" data-id=\"89b7e8c\" data-element_type=\"section\">\n\t\t\t\t\t\t<div class=\"elementor-container elementor-column-gap-default\">\n\t\t\t\t\t<div class=\"elementor-column elementor-col-100 elementor-top-column elementor-element elementor-element-2e02f4b\" data-id=\"2e02f4b\" data-element_type=\"column\">\n\t\t\t<div class=\"elementor-widget-wrap elementor-element-populated\">\n\t\t\t\t\t\t<div class=\"elementor-element elementor-element-e16c9c8 elementor-widget elementor-widget-text-editor\" data-id=\"e16c9c8\" data-element_type=\"widget\" data-widget_type=\"text-editor.default\">\n\t\t\t\t<div class=\"elementor-widget-container\">\n\t\t\t\t\t\t\t\t\t<h1><span style=\"font-weight: 400;\">Ein Entwicklungsraum<\/span><\/h1>\n<p><span style=\"font-weight: 400;\">Alle Menschen entwickeln sich im Laufe eines Lebens. Hier in Obenaus beobachten und unterst\u00fctzen wir bewusst das Wachstum unserer menschlichen F\u00e4higkeiten, sodass wir uns zwischen unseren F\u00e4higkeiten und unserem Potenzial erweitern. <\/span><span style=\"font-weight: 400;\"><br \/><\/span><span style=\"font-weight: 400;\">Es besteht die Notwendigkeit, zeitlose Fertigkeiten zu \u00fcben, vom Umw\u00e4lzen des Komposts \u00fcber das Hacken von Holz oder die Pflege des Feuers im K\u00fcchenherd, das Backen von Brot bis hin zur Verwendung einer Sense zum Schneiden von Gras.<br \/><\/span><span style=\"font-weight: 400;\">Es besteht ein st\u00e4ndiger Bedarf, dar\u00fcber nachzudenken, was man hier tut und was die Menschheit insgesamt mit der Natur, unseren Ressourcen und unserem Lebensstil macht.<br \/><\/span><span style=\"font-weight: 400;\">Es gibt eine kontinuierliche Praxis der moderierten Reflexionen dar\u00fcber, wie wir hier als Gemeinschaft leben, was wir lernen und wohin wir uns weiterentwickeln (m\u00fcssen).<br \/><\/span><span style=\"font-weight: 400;\">Die Praxis, Angelegenheiten des t\u00e4glichen Lebens der Gemeinschaft mitzuf\u00fchlen und mitzuentscheiden.<br \/><\/span><span style=\"font-weight: 400;\">Die Praxis, auf Ihrem Lebensweg gesehen zu werden und \u00fcber Generationen hinweg Mentoring zu erhalten oder zu geben.<br \/><\/span><span style=\"font-weight: 400;\">Die verschiedenen Entdeckungspraktiken der systemischen Arbeit, Entwicklungsbewertungen und Coaching, Art of Hosting, Yoga und vieles mehr.<\/span><\/p>\t\t\t\t\t\t\t\t<\/div>\n\t\t\t\t<\/div>\n\t\t\t\t\t<\/div>\n\t\t<\/div>\n\t\t\t\t\t<\/div>\n\t\t<\/section>\n\t\t\t\t<section class=\"elementor-section elementor-top-section elementor-element elementor-element-bbeacb5 elementor-section-boxed elementor-section-height-default elementor-section-height-default\" data-id=\"bbeacb5\" data-element_type=\"section\">\n\t\t\t\t\t\t<div class=\"elementor-container elementor-column-gap-default\">\n\t\t\t\t\t<div class=\"elementor-column elementor-col-100 elementor-top-column elementor-element elementor-element-0aca253\" data-id=\"0aca253\" data-element_type=\"column\">\n\t\t\t<div class=\"elementor-widget-wrap elementor-element-populated\">\n\t\t\t\t\t\t<div class=\"elementor-element elementor-element-fd93669 elementor-widget elementor-widget-text-editor\" data-id=\"fd93669\" data-element_type=\"widget\" data-widget_type=\"text-editor.default\">\n\t\t\t\t<div class=\"elementor-widget-container\">\n\t\t\t\t\t\t\t\t\t<h1><span style=\"font-weight: 400;\">Leben in Gemeinschaft\u00a0<\/span><\/h1>\n<p><span style=\"font-weight: 400;\">Der Mensch braucht eine Vielzahl enger menschlicher Interaktionen und Verbindungen. Wir haben in Obenaus eine Wohnsituation f\u00fcr 5 bis 12 Personen, die vielf\u00e4ltige Interaktionen \u00fcber alle Generationen hinweg erm\u00f6glicht. Wir teilen unsere K\u00fcche und nehmen jeden Tag mindestens eine gemeinsame Mahlzeit ein. Wir teilen unsere Aufgaben in den H\u00e4usern und G\u00e4rten, damit wir unsere Gemeinschaftsr\u00e4ume genie\u00dfen k\u00f6nnen. Alle haben ihre eigenen Zimmer oder kleinen Wohnungen, so dass jede:r die T\u00fcr hinter sich schlie\u00dfen und ganz bei uns sich sein kann.<\/span><\/p>\n<p><span style=\"font-weight: 400;\">Da wir uns einen gr\u00f6\u00dferen Raum teilen, teilen wir uns auch die K\u00fcche, Waschmaschinen, Internetverbindung usw. So k\u00f6nnen wir die finanziellen Lebenshaltungskosten niedrig halten und dabei den verschiedenen Budgets und Berufen in unserer Gemeinschaft gerecht werden.<\/span><\/p>\t\t\t\t\t\t\t\t<\/div>\n\t\t\t\t<\/div>\n\t\t\t\t\t<\/div>\n\t\t<\/div>\n\t\t\t\t\t<\/div>\n\t\t<\/section>\n\t\t\t\t<section class=\"elementor-section elementor-top-section elementor-element elementor-element-d42f2e7 elementor-section-boxed elementor-section-height-default elementor-section-height-default\" data-id=\"d42f2e7\" data-element_type=\"section\">\n\t\t\t\t\t\t<div class=\"elementor-container elementor-column-gap-default\">\n\t\t\t\t\t<div class=\"elementor-column elementor-col-100 elementor-top-column elementor-element elementor-element-1e6d461\" data-id=\"1e6d461\" data-element_type=\"column\">\n\t\t\t<div class=\"elementor-widget-wrap elementor-element-populated\">\n\t\t\t\t\t\t<div class=\"elementor-element elementor-element-658d835 elementor-widget elementor-widget-text-editor\" data-id=\"658d835\" data-element_type=\"widget\" data-widget_type=\"text-editor.default\">\n\t\t\t\t<div class=\"elementor-widget-container\">\n\t\t\t\t\t\t\t\t\t<h1><span style=\"font-weight: 400;\">Gesundes Essen\u00a0<\/span><\/h1>\n<p><span style=\"font-weight: 400;\">Wir essen Gem\u00fcse aus unserem eigenen Garten und Fleisch von unseren eigenen Schafen, erg\u00e4nzt durch Eink\u00e4ufe und Vorr\u00e4te von unseren Nachbarn. Wir produzieren unsere eigenen Kr\u00e4utertees, Marmelade, Fruchts\u00e4fte, Brot und mehr.<\/span><\/p>\t\t\t\t\t\t\t\t<\/div>\n\t\t\t\t<\/div>\n\t\t\t\t\t<\/div>\n\t\t<\/div>\n\t\t\t\t\t<\/div>\n\t\t<\/section>\n\t\t\t\t<section class=\"elementor-section elementor-top-section elementor-element elementor-element-a1bcd88 elementor-section-boxed elementor-section-height-default elementor-section-height-default\" data-id=\"a1bcd88\" data-element_type=\"section\">\n\t\t\t\t\t\t<div class=\"elementor-container elementor-column-gap-default\">\n\t\t\t\t\t<div class=\"elementor-column elementor-col-100 elementor-top-column elementor-element elementor-element-dd275b9\" data-id=\"dd275b9\" data-element_type=\"column\">\n\t\t\t<div class=\"elementor-widget-wrap elementor-element-populated\">\n\t\t\t\t\t\t<div class=\"elementor-element elementor-element-91b33dd elementor-widget elementor-widget-text-editor\" data-id=\"91b33dd\" data-element_type=\"widget\" data-widget_type=\"text-editor.default\">\n\t\t\t\t<div class=\"elementor-widget-container\">\n\t\t\t\t\t\t\t\t\t<h1><span style=\"font-weight: 400;\">Ein Ort f\u00fcr Zusammenk\u00fcnfte, Workshops und Schulungen<\/span><\/h1>\n<p><span style=\"font-weight: 400;\">Jeden Sommer organisieren wir eine Art of Hosting-Schulung und einen systemischen arbeitsintensiven Workshop und Training w\u00e4hrend der Tage der offenen T\u00fcr in Obenaus. Menschen aus der ganzen Welt kommen und teilen f\u00fcr ein paar Tage oder Wochen den Obenaus-Lebensstil. Besucher und G\u00e4ste treffen uns hier das ganze Jahr \u00fcber.<\/span><\/p>\t\t\t\t\t\t\t\t<\/div>\n\t\t\t\t<\/div>\n\t\t\t\t\t<\/div>\n\t\t<\/div>\n\t\t\t\t\t<\/div>\n\t\t<\/section>\n\t\t\t\t<section class=\"elementor-section elementor-top-section elementor-element elementor-element-14a5a9e elementor-section-boxed elementor-section-height-default elementor-section-height-default\" data-id=\"14a5a9e\" data-element_type=\"section\">\n\t\t\t\t\t\t<div class=\"elementor-container elementor-column-gap-default\">\n\t\t\t\t\t<div class=\"elementor-column elementor-col-100 elementor-top-column elementor-element elementor-element-3d94464\" data-id=\"3d94464\" data-element_type=\"column\">\n\t\t\t<div class=\"elementor-widget-wrap elementor-element-populated\">\n\t\t\t\t\t\t<div class=\"elementor-element elementor-element-f2f6f9b elementor-widget elementor-widget-text-editor\" data-id=\"f2f6f9b\" data-element_type=\"widget\" data-widget_type=\"text-editor.default\">\n\t\t\t\t<div class=\"elementor-widget-container\">\n\t\t\t\t\t\t\t\t\t<h1><span style=\"font-weight: 400;\">Investieren in den Aufbau einer nat\u00fcrlichen Zukunft<\/span><\/h1>\n<p><span style=\"font-weight: 400;\">Ab 2020 befindet sich Obenaus in einer Bau- und Entwicklungsphase. Mit Unterst\u00fctzung des Dorfes wurde das Obenaus-Gel\u00e4nde als Erholungsgebiet mitten in Gr\u00f6nland ausgewiesen. Ehemalige St\u00e4lle und Scheunen k\u00f6nnen wir nun in Wohn-, Arbeits- und Begegnungsr\u00e4ume umwandeln. In den n\u00e4chsten 10 Jahren werden wir bis zu 3 Mio. \u20ac in umweltfreundliche Geb\u00e4ude und Infrastruktur investieren.<\/span><\/p>\n<p><span style=\"font-weight: 400;\">Menschen k\u00f6nnen mit Krediten oder Anteilen in das Projekt investieren. Investoren in Obenaus erhalten eine Garantie, die durch den Wert des Grundst\u00fccks und die Einnahmen der Gemeinschaft abgesichert ist, einen bevorzugten Zugang zu Obenaus-Produkten, Aufenthalten und Seminaren sowie eine langfristige Dividende.<\/span><\/p>\n<p><span style=\"font-weight: 400;\">Anleger in Aktien sind eingeladen und berechtigt, sich an den Gesamtinvestitionspl\u00e4nen und Entscheidungen f\u00fcr die Entwicklung von Obenaus zu beteiligen.<\/span><\/p>\n<p><span style=\"font-weight: 400;\">Der <\/span><a href=\"https:\/\/www.obenauscommunity.org\/de\/investoren\/\" target=\"_blank\" rel=\"noopener\"><span style=\"font-weight: 400;\">Bebauungsplan Obenaus<\/span><\/a><span style=\"font-weight: 400;\"> gibt weitere Details.<\/span><\/p>\t\t\t\t\t\t\t\t<\/div>\n\t\t\t\t<\/div>\n\t\t\t\t\t<\/div>\n\t\t<\/div>\n\t\t\t\t\t<\/div>\n\t\t<\/section>\n\t\t\t\t<\/div>","protected":false},"excerpt":{"rendered":"<p>Living in Obenaus A call from our time When we know the days of the consumerist, carbon energy life are counted.When we are aware that small core families can\u2019t serve children or ageing people.When we know that food matters and must be healthy. We decided to experiment with low carbon living and see what it\u2019s [&hellip;]<\/p>\n","protected":false},"author":6,"featured_media":0,"parent":0,"menu_order":0,"comment_status":"closed","ping_status":"closed","template":"","meta":{"site-sidebar-layout":"no-sidebar","site-content-layout":"page-builder","ast-site-content-layout":"default","site-content-style":"default","site-sidebar-style":"default","ast-global-header-display":"","ast-banner-title-visibility":"","ast-main-header-display":"","ast-hfb-above-header-display":"","ast-hfb-below-header-display":"","ast-hfb-mobile-header-display":"","site-post-title":"disabled","ast-breadcrumbs-content":"","ast-featured-img":"disabled","footer-sml-layout":"","theme-transparent-header-meta":"default","adv-header-id-meta":"","stick-header-meta":"","header-above-stick-meta":"","header-main-stick-meta":"","header-below-stick-meta":"","astra-migrate-meta-layouts":"default","ast-page-background-enabled":"default","ast-page-background-meta":{"desktop":{"background-color":"","background-image":"","background-repeat":"repeat","background-position":"center center","background-size":"auto","background-attachment":"scroll","background-type":"","background-media":"","overlay-type":"","overlay-color":"","overlay-opacity":"","overlay-gradient":""},"tablet":{"background-color":"","background-image":"","background-repeat":"repeat","background-position":"center center","background-size":"auto","background-attachment":"scroll","background-type":"","background-media":"","overlay-type":"","overlay-color":"","overlay-opacity":"","overlay-gradient":""},"mobile":{"background-color":"","background-image":"","background-repeat":"repeat","background-position":"center center","background-size":"auto","background-attachment":"scroll","background-type":"","background-media":"","overlay-type":"","overlay-color":"","overlay-opacity":"","overlay-gradient":""}},"ast-content-background-meta":{"desktop":{"background-color":"var(--ast-global-color-5)","background-image":"","background-repeat":"repeat","background-position":"center center","background-size":"auto","background-attachment":"scroll","background-type":"","background-media":"","overlay-type":"","overlay-color":"","overlay-opacity":"","overlay-gradient":""},"tablet":{"background-color":"var(--ast-global-color-5)","background-image":"","background-repeat":"repeat","background-position":"center center","background-size":"auto","background-attachment":"scroll","background-type":"","background-media":"","overlay-type":"","overlay-color":"","overlay-opacity":"","overlay-gradient":""},"mobile":{"background-color":"var(--ast-global-color-5)","background-image":"","background-repeat":"repeat","background-position":"center center","background-size":"auto","background-attachment":"scroll","background-type":"","background-media":"","overlay-type":"","overlay-color":"","overlay-opacity":"","overlay-gradient":""}},"footnotes":""},"class_list":["post-4725","page","type-page","status-publish","hentry"],"_links":{"self":[{"href":"https:\/\/www.obenauscommunity.org\/de\/wp-json\/wp\/v2\/pages\/4725","targetHints":{"allow":["GET"]}}],"collection":[{"href":"https:\/\/www.obenauscommunity.org\/de\/wp-json\/wp\/v2\/pages"}],"about":[{"href":"https:\/\/www.obenauscommunity.org\/de\/wp-json\/wp\/v2\/types\/page"}],"author":[{"embeddable":true,"href":"https:\/\/www.obenauscommunity.org\/de\/wp-json\/wp\/v2\/users\/6"}],"replies":[{"embeddable":true,"href":"https:\/\/www.obenauscommunity.org\/de\/wp-json\/wp\/v2\/comments?post=4725"}],"version-history":[{"count":18,"href":"https:\/\/www.obenauscommunity.org\/de\/wp-json\/wp\/v2\/pages\/4725\/revisions"}],"predecessor-version":[{"id":4762,"href":"https:\/\/www.obenauscommunity.org\/de\/wp-json\/wp\/v2\/pages\/4725\/revisions\/4762"}],"wp:attachment":[{"href":"https:\/\/www.obenauscommunity.org\/de\/wp-json\/wp\/v2\/media?parent=4725"}],"curies":[{"name":"wp","href":"https:\/\/api.w.org\/{rel}","templated":true}]}}