{"id":4277,"date":"2019-10-13T04:56:01","date_gmt":"2019-10-13T04:56:01","guid":{"rendered":"https:\/\/www.obenauscommunity.org\/?page_id=4277"},"modified":"2025-06-05T09:42:40","modified_gmt":"2025-06-05T09:42:40","slug":"uber-uns","status":"publish","type":"page","link":"https:\/\/www.obenauscommunity.org\/de\/uber-uns\/","title":{"rendered":"Wer wir sind"},"content":{"rendered":"<div data-elementor-type=\"wp-page\" data-elementor-id=\"4277\" class=\"elementor elementor-4277\">\n\t\t\t\t\t\t<section class=\"elementor-section elementor-top-section elementor-element elementor-element-2f2bae5 elementor-section-boxed elementor-section-height-default elementor-section-height-default\" data-id=\"2f2bae5\" data-element_type=\"section\" data-settings=\"{&quot;background_background&quot;:&quot;classic&quot;}\">\n\t\t\t\t\t\t\t<div class=\"elementor-background-overlay\"><\/div>\n\t\t\t\t\t\t\t<div class=\"elementor-container elementor-column-gap-default\">\n\t\t\t\t\t<div class=\"elementor-column elementor-col-100 elementor-top-column elementor-element elementor-element-cd1b575\" data-id=\"cd1b575\" data-element_type=\"column\">\n\t\t\t<div class=\"elementor-widget-wrap elementor-element-populated\">\n\t\t\t\t\t\t<div class=\"elementor-element elementor-element-6095350 elementor-widget elementor-widget-heading\" data-id=\"6095350\" data-element_type=\"widget\" data-widget_type=\"heading.default\">\n\t\t\t\t<div class=\"elementor-widget-container\">\n\t\t\t\t\t<h2 class=\"elementor-heading-title elementor-size-default\">\u00dcBER UNS<\/h2>\t\t\t\t<\/div>\n\t\t\t\t<\/div>\n\t\t\t\t<section class=\"elementor-section elementor-inner-section elementor-element elementor-element-795a8f0 elementor-section-boxed elementor-section-height-default elementor-section-height-default\" data-id=\"795a8f0\" data-element_type=\"section\">\n\t\t\t\t\t\t<div class=\"elementor-container elementor-column-gap-default\">\n\t\t\t\t\t<div class=\"elementor-column elementor-col-100 elementor-inner-column elementor-element elementor-element-26c620e\" data-id=\"26c620e\" data-element_type=\"column\">\n\t\t\t<div class=\"elementor-widget-wrap elementor-element-populated\">\n\t\t\t\t\t\t<div class=\"elementor-element elementor-element-cdf88cb elementor-widget elementor-widget-text-editor\" data-id=\"cdf88cb\" data-element_type=\"widget\" data-widget_type=\"text-editor.default\">\n\t\t\t\t<div class=\"elementor-widget-container\">\n\t\t\t\t\t\t\t\t\t<h1><span style=\"font-weight: 400;\">Es ist an der Zeit<\/span><\/h1>\n<p><span style=\"font-weight: 400;\">Wenn wir wissen, dass die Tage des unbegrenzten Konsums, und des Lebens aus fossiler Energie gez\u00e4hlt sind,<br \/><\/span><span style=\"font-weight: 400;\">Wenn wir uns bewusst sind, dass kleine Kernfamilien nicht f\u00fcr Kinder oder \u00e4ltere Menschen sorgen k\u00f6nnen,<br \/><\/span><span style=\"font-weight: 400;\">Wenn wir wissen, dass Essen wichtig ist und gesund sein muss,<\/span><\/p>\n<p><span style=\"font-weight: 400;\">Da haben ein paar Leute sich entschlossen, das Alltagsleben zum Experiment zu machen und herauszufinden, wie es wirklich ist, in einer gr\u00f6\u00dferen Gemeinschaft zu leben, die \u00fcber den Kern der Familie hinausgeht.\u00a0<\/span><\/p>\n<p><span style=\"font-weight: 400;\">Wie Sie lesen und sehen werden, erfordert es Arbeit. Und kann dabei \u00e4u\u00dferst belebend und fr\u00f6hlich sein.<\/span><\/p>\n<h1><span style=\"font-weight: 400;\">Leben in Gemeinschaft\u00a0<\/span><\/h1>\n<p><span style=\"font-weight: 400;\">Der Mensch braucht eine Vielzahl enger menschlicher Interaktionen und Verbindungen. Wir haben in Obenaus eine Wohnsituation f\u00fcr 5 bis 12 Personen, die vielf\u00e4ltige Interaktionen \u00fcber alle Generationen hinweg erm\u00f6glicht. Wir teilen unsere K\u00fcche und nehmen jeden Tag mindestens eine gemeinsame Mahlzeit ein. Wir teilen unsere Aufgaben in den H\u00e4usern und G\u00e4rten, damit wir unsere Gemeinschaftsr\u00e4ume genie\u00dfen k\u00f6nnen. Alle haben ihre eigenen Zimmer oder kleinen Wohnungen, so dass jede:r die T\u00fcr hinter sich schlie\u00dfen und ganz bei uns sich sein kann.<\/span><\/p>\n<p><span style=\"font-weight: 400;\">Da wir uns einen gr\u00f6\u00dferen Raum teilen, teilen wir uns auch die K\u00fcche, Waschmaschinen, Internetverbindung usw. So k\u00f6nnen wir die finanziellen Lebenshaltungskosten niedrig halten und dabei den verschiedenen Budgets und Berufen in unserer Gemeinschaft gerecht werden.<\/span><\/p>\t\t\t\t\t\t\t\t<\/div>\n\t\t\t\t<\/div>\n\t\t\t\t<div class=\"elementor-element elementor-element-05972b3 elementor-align-center elementor-widget elementor-widget-button\" data-id=\"05972b3\" data-element_type=\"widget\" data-widget_type=\"button.default\">\n\t\t\t\t<div class=\"elementor-widget-container\">\n\t\t\t\t\t\t\t\t\t<div class=\"elementor-button-wrapper\">\n\t\t\t\t\t<a class=\"elementor-button elementor-button-link elementor-size-md\" href=\"#\" target=\"_blank\">\n\t\t\t\t\t\t<span class=\"elementor-button-content-wrapper\">\n\t\t\t\t\t\t\t\t\t<span class=\"elementor-button-text\">Erfahren Sie mehr<\/span>\n\t\t\t\t\t<\/span>\n\t\t\t\t\t<\/a>\n\t\t\t\t<\/div>\n\t\t\t\t\t\t\t\t<\/div>\n\t\t\t\t<\/div>\n\t\t\t\t<div class=\"elementor-element elementor-element-4ad497e elementor-arrows-position-inside elementor-widget elementor-widget-image-carousel\" data-id=\"4ad497e\" data-element_type=\"widget\" data-settings=\"{&quot;navigation&quot;:&quot;arrows&quot;,&quot;autoplay&quot;:&quot;yes&quot;,&quot;pause_on_hover&quot;:&quot;yes&quot;,&quot;pause_on_interaction&quot;:&quot;yes&quot;,&quot;autoplay_speed&quot;:5000,&quot;infinite&quot;:&quot;yes&quot;,&quot;speed&quot;:500}\" data-widget_type=\"image-carousel.default\">\n\t\t\t\t<div class=\"elementor-widget-container\">\n\t\t\t\t\t\t\t<div class=\"elementor-image-carousel-wrapper swiper\" role=\"region\" aria-roledescription=\"carousel\" aria-label=\"Bilderkarussell\" dir=\"ltr\">\n\t\t\t<div class=\"elementor-image-carousel swiper-wrapper\" aria-live=\"off\">\n\t\t\t\t\t\t\t\t<div class=\"swiper-slide\" role=\"group\" aria-roledescription=\"slide\" aria-label=\"1 von 7\"><figure class=\"swiper-slide-inner\"><img decoding=\"async\" class=\"swiper-slide-image\" src=\"https:\/\/www.obenauscommunity.org\/wp-content\/uploads\/smallcircle-400x300.jpg\" alt=\"Kleinkreis\" \/><\/figure><\/div><div class=\"swiper-slide\" role=\"group\" aria-roledescription=\"slide\" aria-label=\"2 von 7\"><figure class=\"swiper-slide-inner\"><img decoding=\"async\" class=\"swiper-slide-image\" src=\"https:\/\/www.obenauscommunity.org\/wp-content\/uploads\/Obenaus-Youthcamp-2014-44-400x300.jpg\" alt=\"Obenaus Jugendcamp 2014 - (44)\" \/><\/figure><\/div><div class=\"swiper-slide\" role=\"group\" aria-roledescription=\"slide\" aria-label=\"3 von 7\"><figure class=\"swiper-slide-inner\"><img decoding=\"async\" class=\"swiper-slide-image\" src=\"https:\/\/www.obenauscommunity.org\/wp-content\/uploads\/Obenaus-Youthcamp-2014-29-400x300.jpg\" alt=\"Obenaus Jugendcamp 2014 - (29)\" \/><\/figure><\/div><div class=\"swiper-slide\" role=\"group\" aria-roledescription=\"slide\" aria-label=\"4 von 7\"><figure class=\"swiper-slide-inner\"><img decoding=\"async\" class=\"swiper-slide-image\" src=\"https:\/\/www.obenauscommunity.org\/wp-content\/uploads\/title7977-400x266.jpg\" alt=\"Titel7977\" \/><\/figure><\/div><div class=\"swiper-slide\" role=\"group\" aria-roledescription=\"slide\" aria-label=\"5 von 7\"><figure class=\"swiper-slide-inner\"><img decoding=\"async\" class=\"swiper-slide-image\" src=\"https:\/\/www.obenauscommunity.org\/wp-content\/uploads\/yIMG_8064-400x298.jpg\" alt=\"yIMG_8064\" \/><\/figure><\/div><div class=\"swiper-slide\" role=\"group\" aria-roledescription=\"slide\" aria-label=\"6 von 7\"><figure class=\"swiper-slide-inner\"><img decoding=\"async\" class=\"swiper-slide-image\" src=\"https:\/\/www.obenauscommunity.org\/wp-content\/uploads\/yIMG_7894-400x298.jpg\" alt=\"yIMG_7894\" \/><\/figure><\/div><div class=\"swiper-slide\" role=\"group\" aria-roledescription=\"slide\" aria-label=\"7 von 7\"><figure class=\"swiper-slide-inner\"><img decoding=\"async\" class=\"swiper-slide-image\" src=\"https:\/\/www.obenauscommunity.org\/wp-content\/uploads\/extracafe\u0301hosting-400x300.jpg\" alt=\"extracaf\u00e9hosting\" \/><\/figure><\/div>\t\t\t<\/div>\n\t\t\t\t\t\t\t\t\t\t\t\t<div class=\"elementor-swiper-button elementor-swiper-button-prev\" role=\"button\" tabindex=\"0\">\n\t\t\t\t\t\t<i aria-hidden=\"true\" class=\"eicon-chevron-left\"><\/i>\t\t\t\t\t<\/div>\n\t\t\t\t\t<div class=\"elementor-swiper-button elementor-swiper-button-next\" role=\"button\" tabindex=\"0\">\n\t\t\t\t\t\t<i aria-hidden=\"true\" class=\"eicon-chevron-right\"><\/i>\t\t\t\t\t<\/div>\n\t\t\t\t\n\t\t\t\t\t\t\t\t\t<\/div>\n\t\t\t\t\t\t<\/div>\n\t\t\t\t<\/div>\n\t\t\t\t\t<\/div>\n\t\t<\/div>\n\t\t\t\t\t<\/div>\n\t\t<\/section>\n\t\t\t\t<div class=\"elementor-element elementor-element-365d691 elementor-widget elementor-widget-text-editor\" data-id=\"365d691\" data-element_type=\"widget\" data-widget_type=\"text-editor.default\">\n\t\t\t\t<div class=\"elementor-widget-container\">\n\t\t\t\t\t\t\t\t\t<h1><span style=\"font-weight: 400;\">Nat\u00fcrlich leben<\/span><\/h1>\n<p><span style=\"font-weight: 400;\">Was ist eine Lebensweise, die Mensch und Natur in Einklang bringt?\u00a0<\/span><\/p>\n<p><span style=\"font-weight: 400;\">Weit davon entfernt, alle Antworten im Voraus zu kennen, experimentieren und entwickeln wir das Leben in einer selbstgew\u00e4hlten freiwilligen Gemeinschaft, auf dem Land mit frischem Wasser und sauberer Luft, pflegen Verbindungen und Kommunikation im Alltag, arbeiten mit K\u00f6rper und Geist. Wir achten auf die Qualit\u00e4t des Bodens und der Nahrung, um nur einige wesentliche Elemente zu nennen.<\/span><\/p>\n<p><span style=\"font-weight: 400;\">Die Obenaus-Community begann damit, dass Menschen von Br\u00fcssel in die S\u00fcdsteiermark zogen und einen heruntergekommenen Bauernhof bewohnten, mit der Absicht, gesund und mit der Natur als Leitfaden zu leben.\u00a0<\/span><\/p>\n<p><span style=\"font-weight: 400;\">Mit der Unterst\u00fctzung der Gemeinde Ehrenhausen treten wir nun in eine neue Phase ein. Wir werden in der Lage sein, das gesamte Anwesen zu entwickeln, die Geb\u00e4ude wieder aufzubauen und weitere Bewohner einzuladen, sich uns hier anzuschlie\u00dfen.\u00a0<\/span><\/p>\n<h1><span style=\"font-weight: 400;\">Ein Lebensstil, der zur Biosph\u00e4re passt\u00a0<\/span><\/h1>\n<p><span style=\"font-weight: 400;\">In Obenaus achten wir darauf, nur Materialien zu verwenden, die wir so, wie sie sind, der lokalen Umwelt zur\u00fcckgeben k\u00f6nnen. Kompostieren ist die Regel. Wir verf\u00fcgen \u00fcber einen eigenen Brunnen und ein lokales biologisches Abwassersystem. Geheizt wird mit heimischem Holz. Wir produzieren eigenen Strom und bald auch Heizung mit der Sonne. Alle diese Installationen sind robust und k\u00f6nnen von uns selbst \u00fcberwacht werden. Wir verlassen die gro\u00dfen Netze und leben mit einfachen Direktsystemen.<\/span><\/p>\n<p><span style=\"font-weight: 400;\">Technologie unterst\u00fctzt den neuen Lebensstil. Dank Internet und Videokonferenzen k\u00f6nnen wir uns mit der ganzen Welt verbinden. Mittlerweile treffen wir Menschen online zu engen und intimen Gespr\u00e4chen ebenso wie zu Gesch\u00e4ftstreffen. Dadurch entf\u00e4llt die Notwendigkeit, ins B\u00fcro zu pendeln oder in der Stadt zu wohnen. Wir k\u00f6nnen auf dem Land leben und mit unseren Kollegen zusammenarbeiten, wo auch immer sie sind. Wir genie\u00dfen frische Luft, sauberes Wasser und leben in Verbindung mit der gr\u00fcnen Natur.<\/span><\/p>\t\t\t\t\t\t\t\t<\/div>\n\t\t\t\t<\/div>\n\t\t\t\t\t<\/div>\n\t\t<\/div>\n\t\t\t\t\t<\/div>\n\t\t<\/section>\n\t\t\t\t<section class=\"elementor-section elementor-top-section elementor-element elementor-element-531b9638 elementor-section-boxed elementor-section-height-default elementor-section-height-default\" data-id=\"531b9638\" data-element_type=\"section\" data-settings=\"{&quot;background_background&quot;:&quot;classic&quot;}\">\n\t\t\t\t\t\t\t<div class=\"elementor-background-overlay\"><\/div>\n\t\t\t\t\t\t\t<div class=\"elementor-container elementor-column-gap-default\">\n\t\t\t\t\t<div class=\"elementor-column elementor-col-100 elementor-top-column elementor-element elementor-element-541a2045\" data-id=\"541a2045\" data-element_type=\"column\">\n\t\t\t<div class=\"elementor-widget-wrap elementor-element-populated\">\n\t\t\t\t\t\t<div class=\"elementor-element elementor-element-0e0efb9 elementor-widget elementor-widget-heading\" data-id=\"0e0efb9\" data-element_type=\"widget\" data-widget_type=\"heading.default\">\n\t\t\t\t<div class=\"elementor-widget-container\">\n\t\t\t\t\t<h2 class=\"elementor-heading-title elementor-size-default\">\u00dcber den Gr\u00fcnder<\/h2>\t\t\t\t<\/div>\n\t\t\t\t<\/div>\n\t\t\t\t<div class=\"elementor-element elementor-element-28a97ef1 elementor-widget elementor-widget-text-editor\" data-id=\"28a97ef1\" data-element_type=\"widget\" data-widget_type=\"text-editor.default\">\n\t\t\t\t<div class=\"elementor-widget-container\">\n\t\t\t\t\t\t\t\t\t<div>\u00a0<\/div><p><img fetchpriority=\"high\" decoding=\"async\" class=\"size-thumbnail wp-image-10004 alignleft\" src=\"https:\/\/www.obenauscommunity.org\/wp-content\/uploads\/IMG_1456-299x400.jpg\" alt=\"\" width=\"299\" height=\"400\" srcset=\"https:\/\/www.obenauscommunity.org\/wp-content\/uploads\/IMG_1456-299x400.jpg 299w, https:\/\/www.obenauscommunity.org\/wp-content\/uploads\/IMG_1456-767x1024.jpg 767w, https:\/\/www.obenauscommunity.org\/wp-content\/uploads\/IMG_1456-768x1026.jpg 768w, https:\/\/www.obenauscommunity.org\/wp-content\/uploads\/IMG_1456-1150x1536.jpg 1150w, https:\/\/www.obenauscommunity.org\/wp-content\/uploads\/IMG_1456-9x12.jpg 9w, https:\/\/www.obenauscommunity.org\/wp-content\/uploads\/IMG_1456-600x801.jpg 600w, https:\/\/www.obenauscommunity.org\/wp-content\/uploads\/IMG_1456.jpg 1528w\" sizes=\"(max-width: 299px) 100vw, 299px\" \/><\/p><p><strong>Rainer v. Leoprechting \u00a0<\/strong><i><span style=\"font-weight: 400;\">Mitbegr\u00fcnder von Obenaus, Unternehmer, Vision\u00a0<\/span><\/i><\/p><p><span style=\"font-weight: 400;\">Rainer (Deutscher) verlie\u00df Br\u00fcssel nach fast 20 Jahren erfolgreicher Karriere bei den europ\u00e4ischen Institutionen, wo er zahlreiche innovative Projekte und Prozesse initiierte, um die Arbeit lebendiger zu gestalten und sie mit dem friedensstiftenden Ziel der europ\u00e4ischen Integration zu verbinden. 2012 machte sich Rainer selbstst\u00e4ndig und war anschlie\u00dfend Mitbegr\u00fcnder von <a href=\"http:\/\/pplspark.com\">Menschen Funken<\/a>\u00a0die Organisationen, Unternehmen und Initiativen F\u00fchrungsentwicklung und Strategie-Prozesse anbietet.\u00a0<\/span><\/p><p><span style=\"font-weight: 400;\">Rainer ist ein postsystemischer Denker mit einem scharfen und informierten Verstand. Er hilft dabei, Sinn zu stiften, Muster und verborgene Talente zu finden. Er arbeitet als Coach, Trainer und Mentor und f\u00fchrt ganz selbstverst\u00e4ndlich tiefgr\u00fcndige Gespr\u00e4che, die sich auf Ihr Leben auswirken k\u00f6nnen. Er lebt in Obenaus und arbeitet lokal, international und virtuell.<\/span><\/p><p>Er gr\u00fcndete Obenaus 2012 gemeinsam mit Lena Jacobsson, die 2020 weiterzog. Gemeinsam mit seiner Frau Maha Alusi, die 2025 einzog, stellt Rainer die Community nun auf eine neue Grundlage.\u00a0<\/p><p style=\"text-align: center;\"><a href=\"https:\/\/www.facebook.com\/rainer162?fref=ts\" target=\"_blank\" rel=\"noopener noreferrer\">Nehmen Sie Kontakt mit Rainer auf<\/a><\/p>\t\t\t\t\t\t\t\t<\/div>\n\t\t\t\t<\/div>\n\t\t\t\t\t<\/div>\n\t\t<\/div>\n\t\t\t\t\t<\/div>\n\t\t<\/section>\n\t\t\t\t<section class=\"elementor-section elementor-top-section elementor-element elementor-element-e675f05 elementor-section-boxed elementor-section-height-default elementor-section-height-default\" data-id=\"e675f05\" data-element_type=\"section\" data-settings=\"{&quot;background_background&quot;:&quot;classic&quot;}\">\n\t\t\t\t\t\t\t<div class=\"elementor-background-overlay\"><\/div>\n\t\t\t\t\t\t\t<div class=\"elementor-container elementor-column-gap-default\">\n\t\t\t\t\t<div class=\"elementor-column elementor-col-100 elementor-top-column elementor-element elementor-element-eb03a5a\" data-id=\"eb03a5a\" data-element_type=\"column\">\n\t\t\t<div class=\"elementor-widget-wrap elementor-element-populated\">\n\t\t\t\t\t\t<section class=\"elementor-section elementor-inner-section elementor-element elementor-element-afc5494 elementor-section-boxed elementor-section-height-default elementor-section-height-default\" data-id=\"afc5494\" data-element_type=\"section\">\n\t\t\t\t\t\t<div class=\"elementor-container elementor-column-gap-default\">\n\t\t\t\t\t<div class=\"elementor-column elementor-col-100 elementor-inner-column elementor-element elementor-element-e671614\" data-id=\"e671614\" data-element_type=\"column\">\n\t\t\t<div class=\"elementor-widget-wrap elementor-element-populated\">\n\t\t\t\t\t\t<div class=\"elementor-element elementor-element-b08fadf elementor-widget elementor-widget-heading\" data-id=\"b08fadf\" data-element_type=\"widget\" data-widget_type=\"heading.default\">\n\t\t\t\t<div class=\"elementor-widget-container\">\n\t\t\t\t\t<h2 class=\"elementor-heading-title elementor-size-default\">GEDICHT<\/h2>\t\t\t\t<\/div>\n\t\t\t\t<\/div>\n\t\t\t\t\t<\/div>\n\t\t<\/div>\n\t\t\t\t\t<\/div>\n\t\t<\/section>\n\t\t\t\t<section class=\"elementor-section elementor-inner-section elementor-element elementor-element-8ef9e5b elementor-section-boxed elementor-section-height-default elementor-section-height-default\" data-id=\"8ef9e5b\" data-element_type=\"section\">\n\t\t\t\t\t\t<div class=\"elementor-container elementor-column-gap-default\">\n\t\t\t\t\t<div class=\"elementor-column elementor-col-33 elementor-inner-column elementor-element elementor-element-37439e1\" data-id=\"37439e1\" data-element_type=\"column\">\n\t\t\t<div class=\"elementor-widget-wrap elementor-element-populated\">\n\t\t\t\t\t\t<div class=\"elementor-element elementor-element-3b76430 elementor-widget elementor-widget-image\" data-id=\"3b76430\" data-element_type=\"widget\" data-widget_type=\"image.default\">\n\t\t\t\t<div class=\"elementor-widget-container\">\n\t\t\t\t\t\t\t\t\t\t\t\t\t\t\t<img decoding=\"async\" src=\"https:\/\/www.obenauscommunity.org\/wp-content\/uploads\/frame1obenaus-1.png\" title=\"\" alt=\"\" loading=\"lazy\" \/>\t\t\t\t\t\t\t\t\t\t\t\t\t\t\t<\/div>\n\t\t\t\t<\/div>\n\t\t\t\t\t<\/div>\n\t\t<\/div>\n\t\t\t\t<div class=\"elementor-column elementor-col-33 elementor-inner-column elementor-element elementor-element-5a383ea\" data-id=\"5a383ea\" data-element_type=\"column\">\n\t\t\t<div class=\"elementor-widget-wrap elementor-element-populated\">\n\t\t\t\t\t\t<div class=\"elementor-element elementor-element-ee994d1 elementor-widget elementor-widget-text-editor\" data-id=\"ee994d1\" data-element_type=\"widget\" data-widget_type=\"text-editor.default\">\n\t\t\t\t<div class=\"elementor-widget-container\">\n\t\t\t\t\t\t\t\t\t<p class=\"p1\">Ein Ort von seltener Tiefe<\/p>\n<p class=\"p1\">Magischer Frieden<\/p>\n<p class=\"p1\">Auf der Suche nach deinem Kern findest du Ruhe<\/p>\n<p class=\"p1\">und sehen,<\/p>\n<p class=\"p1\">Alles ist gut und war es schon immer<\/p>\n<p>\n<style type=\"text\/css\">\np.p1 {margin: 0.0px 0.0px 0.0px 0.0px; text-align: center; 'Helvetica Neue'}<br \/>\n<\/style>\n<\/p>\t\t\t\t\t\t\t\t<\/div>\n\t\t\t\t<\/div>\n\t\t\t\t\t<\/div>\n\t\t<\/div>\n\t\t\t\t<div class=\"elementor-column elementor-col-33 elementor-inner-column elementor-element elementor-element-4dd853f\" data-id=\"4dd853f\" data-element_type=\"column\">\n\t\t\t<div class=\"elementor-widget-wrap elementor-element-populated\">\n\t\t\t\t\t\t<div class=\"elementor-element elementor-element-f47928a elementor-widget elementor-widget-image\" data-id=\"f47928a\" data-element_type=\"widget\" data-widget_type=\"image.default\">\n\t\t\t\t<div class=\"elementor-widget-container\">\n\t\t\t\t\t\t\t\t\t\t\t\t\t\t\t<img decoding=\"async\" src=\"https:\/\/www.obenauscommunity.org\/wp-content\/uploads\/frame2ob-2.png\" title=\"\" alt=\"\" loading=\"lazy\" \/>\t\t\t\t\t\t\t\t\t\t\t\t\t\t\t<\/div>\n\t\t\t\t<\/div>\n\t\t\t\t\t<\/div>\n\t\t<\/div>\n\t\t\t\t\t<\/div>\n\t\t<\/section>\n\t\t\t\t\t<\/div>\n\t\t<\/div>\n\t\t\t\t\t<\/div>\n\t\t<\/section>\n\t\t\t\t<\/div>","protected":false},"excerpt":{"rendered":"<p>ABOUT US A call from our time When we know the days of the consumerist, carbon energy life are counted.When we are aware that small core families can\u2019t serve children or ageing people.When we know that food matters and must be healthy. We decided to experiment with low carbon living and see what it\u2019s really [&hellip;]<\/p>\n","protected":false},"author":6,"featured_media":0,"parent":0,"menu_order":0,"comment_status":"closed","ping_status":"closed","template":"","meta":{"site-sidebar-layout":"no-sidebar","site-content-layout":"page-builder","ast-site-content-layout":"default","site-content-style":"default","site-sidebar-style":"default","ast-global-header-display":"","ast-banner-title-visibility":"","ast-main-header-display":"","ast-hfb-above-header-display":"","ast-hfb-below-header-display":"","ast-hfb-mobile-header-display":"","site-post-title":"disabled","ast-breadcrumbs-content":"","ast-featured-img":"disabled","footer-sml-layout":"","theme-transparent-header-meta":"default","adv-header-id-meta":"","stick-header-meta":"","header-above-stick-meta":"","header-main-stick-meta":"","header-below-stick-meta":"","astra-migrate-meta-layouts":"default","ast-page-background-enabled":"default","ast-page-background-meta":{"desktop":{"background-color":"","background-image":"","background-repeat":"repeat","background-position":"center center","background-size":"auto","background-attachment":"scroll","background-type":"","background-media":"","overlay-type":"","overlay-color":"","overlay-opacity":"","overlay-gradient":""},"tablet":{"background-color":"","background-image":"","background-repeat":"repeat","background-position":"center center","background-size":"auto","background-attachment":"scroll","background-type":"","background-media":"","overlay-type":"","overlay-color":"","overlay-opacity":"","overlay-gradient":""},"mobile":{"background-color":"","background-image":"","background-repeat":"repeat","background-position":"center center","background-size":"auto","background-attachment":"scroll","background-type":"","background-media":"","overlay-type":"","overlay-color":"","overlay-opacity":"","overlay-gradient":""}},"ast-content-background-meta":{"desktop":{"background-color":"var(--ast-global-color-5)","background-image":"","background-repeat":"repeat","background-position":"center center","background-size":"auto","background-attachment":"scroll","background-type":"","background-media":"","overlay-type":"","overlay-color":"","overlay-opacity":"","overlay-gradient":""},"tablet":{"background-color":"var(--ast-global-color-5)","background-image":"","background-repeat":"repeat","background-position":"center center","background-size":"auto","background-attachment":"scroll","background-type":"","background-media":"","overlay-type":"","overlay-color":"","overlay-opacity":"","overlay-gradient":""},"mobile":{"background-color":"var(--ast-global-color-5)","background-image":"","background-repeat":"repeat","background-position":"center center","background-size":"auto","background-attachment":"scroll","background-type":"","background-media":"","overlay-type":"","overlay-color":"","overlay-opacity":"","overlay-gradient":""}},"footnotes":""},"class_list":["post-4277","page","type-page","status-publish","hentry"],"_links":{"self":[{"href":"https:\/\/www.obenauscommunity.org\/de\/wp-json\/wp\/v2\/pages\/4277","targetHints":{"allow":["GET"]}}],"collection":[{"href":"https:\/\/www.obenauscommunity.org\/de\/wp-json\/wp\/v2\/pages"}],"about":[{"href":"https:\/\/www.obenauscommunity.org\/de\/wp-json\/wp\/v2\/types\/page"}],"author":[{"embeddable":true,"href":"https:\/\/www.obenauscommunity.org\/de\/wp-json\/wp\/v2\/users\/6"}],"replies":[{"embeddable":true,"href":"https:\/\/www.obenauscommunity.org\/de\/wp-json\/wp\/v2\/comments?post=4277"}],"version-history":[{"count":10,"href":"https:\/\/www.obenauscommunity.org\/de\/wp-json\/wp\/v2\/pages\/4277\/revisions"}],"predecessor-version":[{"id":10101,"href":"https:\/\/www.obenauscommunity.org\/de\/wp-json\/wp\/v2\/pages\/4277\/revisions\/10101"}],"wp:attachment":[{"href":"https:\/\/www.obenauscommunity.org\/de\/wp-json\/wp\/v2\/media?parent=4277"}],"curies":[{"name":"wp","href":"https:\/\/api.w.org\/{rel}","templated":true}]}}