{"id":4108,"date":"2019-09-26T11:51:49","date_gmt":"2019-09-26T11:51:49","guid":{"rendered":"https:\/\/www.obenauscommunity.org\/?page_id=4108"},"modified":"2025-06-05T10:50:28","modified_gmt":"2025-06-05T10:50:28","slug":"bleiben","status":"publish","type":"page","link":"https:\/\/www.obenauscommunity.org\/de\/bleiben\/","title":{"rendered":"Bleiben Sie bei uns"},"content":{"rendered":"<div data-elementor-type=\"wp-page\" data-elementor-id=\"4108\" class=\"elementor elementor-4108\">\n\t\t\t\t<div class=\"elementor-element elementor-element-2112f5e e-flex e-con-boxed e-con e-parent\" data-id=\"2112f5e\" data-element_type=\"container\">\n\t\t\t\t\t<div class=\"e-con-inner\">\n\t\t\t\t<div class=\"elementor-element elementor-element-4d9d345 elementor-widget elementor-widget-heading\" data-id=\"4d9d345\" data-element_type=\"widget\" data-widget_type=\"heading.default\">\n\t\t\t\t<div class=\"elementor-widget-container\">\n\t\t\t\t\t<h2 class=\"elementor-heading-title elementor-size-default\">Aufenthalt im Obenaus \u2013 Ein paar Dinge, die Sie wissen sollten<\/h2>\t\t\t\t<\/div>\n\t\t\t\t<\/div>\n\t\t\t\t\t<\/div>\n\t\t\t\t<\/div>\n\t\t<div class=\"elementor-element elementor-element-3397892 e-flex e-con-boxed e-con e-parent\" data-id=\"3397892\" data-element_type=\"container\">\n\t\t\t\t\t<div class=\"e-con-inner\">\n\t\t\t\t<div class=\"elementor-element elementor-element-a18a7e5 elementor-widget elementor-widget-image\" data-id=\"a18a7e5\" data-element_type=\"widget\" data-widget_type=\"image.default\">\n\t\t\t\t<div class=\"elementor-widget-container\">\n\t\t\t\t\t\t\t\t\t\t\t\t\t\t\t<img fetchpriority=\"high\" decoding=\"async\" width=\"400\" height=\"225\" src=\"https:\/\/www.obenauscommunity.org\/wp-content\/uploads\/obenaus_06-400x225.jpg\" class=\"attachment-medium size-medium wp-image-4917\" alt=\"\" srcset=\"https:\/\/www.obenauscommunity.org\/wp-content\/uploads\/obenaus_06-400x225.jpg 400w, https:\/\/www.obenauscommunity.org\/wp-content\/uploads\/obenaus_06-scaled-600x338.jpg 600w, https:\/\/www.obenauscommunity.org\/wp-content\/uploads\/obenaus_06-1024x576.jpg 1024w, https:\/\/www.obenauscommunity.org\/wp-content\/uploads\/obenaus_06-768x432.jpg 768w, https:\/\/www.obenauscommunity.org\/wp-content\/uploads\/obenaus_06-1536x864.jpg 1536w, https:\/\/www.obenauscommunity.org\/wp-content\/uploads\/obenaus_06-2048x1152.jpg 2048w\" sizes=\"(max-width: 400px) 100vw, 400px\" \/>\t\t\t\t\t\t\t\t\t\t\t\t\t\t\t<\/div>\n\t\t\t\t<\/div>\n\t\t\t\t\t<\/div>\n\t\t\t\t<\/div>\n\t\t<div class=\"elementor-element elementor-element-20dc2fc e-flex e-con-boxed e-con e-parent\" data-id=\"20dc2fc\" data-element_type=\"container\">\n\t\t\t\t\t<div class=\"e-con-inner\">\n\t\t\t\t<div class=\"elementor-element elementor-element-5a57c83 elementor-widget elementor-widget-text-editor\" data-id=\"5a57c83\" data-element_type=\"widget\" data-widget_type=\"text-editor.default\">\n\t\t\t\t<div class=\"elementor-widget-container\">\n\t\t\t\t\t\t\t\t\t<p>Als Besucher sind Sie herzlich eingeladen, die Seele baumeln zu lassen und an unserem Leben teilzunehmen.<\/p><p>Wir haben nur wenige Pl\u00e4tze und die Gruppen hier sind klein und vertraut. Unsere Unterkunftsm\u00f6glichkeiten reichen von einigen G\u00e4stezimmern bis hin zu Zelten und Wohnwagen auf dem Gel\u00e4nde.<\/p><p>Dein Beitrag zu Obenaus ist deine Anwesenheit. Du nimmst t\u00e4glich etwa eine Stunde am Leben auf dem Hof und an den Aufgaben teil. Wir bitten um einen finanziellen Beitrag von 35 \u20ac pro Person und Tag bei \u00dcbernachtung im Haus und 15 \u20ac bei Camping.<\/p><p>\u00dcber Essen<br \/>Wir stellen w\u00e4hrend Ihres Aufenthalts keine Verpflegung zur Verf\u00fcgung. Sie k\u00f6nnen gerne Ihre eigenen Lebensmittel mitbringen. In den umliegenden Gesch\u00e4ften k\u00f6nnen Sie alles Notwendige kaufen. Die K\u00fcche steht Ihnen zur Verf\u00fcgung, um Ihre Mahlzeiten selbst zuzubereiten. Wir bieten Ihnen au\u00dferdem Platz zur Aufbewahrung Ihrer Lebensmittel. Wir haben auch einige gemeinsame Grundnahrungsmittel wie Gew\u00fcrze und Trockenwaren, die Sie, falls vorhanden, nutzen k\u00f6nnen. Sie sollten jedoch planen, Ihren eigenen Lebensmittelbedarf zu decken.<\/p><p>Wir freuen uns auf einen guten gemeinsamen Rhythmus und sind jederzeit offen f\u00fcr eine klare und freundliche Kommunikation rund um unser Leben und Arbeiten hier.<\/p>\t\t\t\t\t\t\t\t<\/div>\n\t\t\t\t<\/div>\n\t\t\t\t<div class=\"elementor-element elementor-element-e09142a elementor-widget elementor-widget-heading\" data-id=\"e09142a\" data-element_type=\"widget\" data-widget_type=\"heading.default\">\n\t\t\t\t<div class=\"elementor-widget-container\">\n\t\t\t\t\t<h2 class=\"elementor-heading-title elementor-size-default\">Work and Travel Aufenthalte<\/h2>\t\t\t\t<\/div>\n\t\t\t\t<\/div>\n\t\t\t\t<div class=\"elementor-element elementor-element-b768046 elementor-widget elementor-widget-text-editor\" data-id=\"b768046\" data-element_type=\"widget\" data-widget_type=\"text-editor.default\">\n\t\t\t\t<div class=\"elementor-widget-container\">\n\t\t\t\t\t\t\t\t\t<div><p>Wir freuen uns, dass Sie sich f\u00fcr Obenaus entscheiden. Dieser Ort ist mehr als nur ein Aufenthalt \u2013 er ist eine Einladung, die Sch\u00f6nheit, den Rhythmus und die Aufgaben dieses Landes und dieser Heimat zu teilen.<\/p><p>Unser Angebot<br \/>Wir bieten dir einen einzigartigen Aufenthalt in einer wundersch\u00f6nen, erholsamen Umgebung mit uneingeschr\u00e4nktem Zugang zur Natur, gemeinsamen R\u00e4umen und der M\u00f6glichkeit, Teil eines lebendigen, sich entwickelnden Projekts zu sein. Im Gegenzug bitten wir dich um etwa f\u00fcnf Stunden deiner Zeit pro Tag, die du in der Regel flexibel mit uns gestalten kannst. Der Geist dieser gemeinsamen Zeit ist nicht \u201eArbeit\u201c im herk\u00f6mmlichen Sinne \u2013 es geht darum, zusammenzukommen, sinnvoll beizutragen und Energie zu teilen.<br \/>Wir nehmen uns Zeit f\u00fcr dich und erkl\u00e4ren dir den Ort, den Arbeitsablauf und die Funktionsweise \u2013 denn jemanden in unseren R\u00e4umlichkeiten willkommen zu hei\u00dfen, erfordert Pr\u00e4senz, Zeit und Sorgfalt. Dein Aufenthalt hier ist mit Kosten f\u00fcr uns verbunden \u2013 nicht nur f\u00fcr die Unterkunft, sondern auch f\u00fcr Dinge wie gemeinsam genutzte Ressourcen, Instandhaltung und Infrastruktur.<\/p><\/div><div>\u00a0<\/div>\t\t\t\t\t\t\t\t<\/div>\n\t\t\t\t<\/div>\n\t\t\t\t\t<\/div>\n\t\t\t\t<\/div>\n\t\t\t\t<\/div>","protected":false},"excerpt":{"rendered":"<p>Staying at Obenaus \u2013 A Few Things to Know As a a visitor be welcome to let your soul rest and take part in our life. We have few places and the groups here are small and intimate. Our accommodation options range from a few guest rooms, to tents and caravans on the ground. Your [&hellip;]<\/p>\n","protected":false},"author":6,"featured_media":0,"parent":0,"menu_order":2,"comment_status":"closed","ping_status":"closed","template":"","meta":{"site-sidebar-layout":"no-sidebar","site-content-layout":"page-builder","ast-site-content-layout":"full-width-container","site-content-style":"unboxed","site-sidebar-style":"unboxed","ast-global-header-display":"","ast-banner-title-visibility":"","ast-main-header-display":"","ast-hfb-above-header-display":"","ast-hfb-below-header-display":"","ast-hfb-mobile-header-display":"","site-post-title":"disabled","ast-breadcrumbs-content":"","ast-featured-img":"disabled","footer-sml-layout":"","theme-transparent-header-meta":"default","adv-header-id-meta":"","stick-header-meta":"","header-above-stick-meta":"","header-main-stick-meta":"","header-below-stick-meta":"","astra-migrate-meta-layouts":"set","ast-page-background-enabled":"default","ast-page-background-meta":{"desktop":{"background-color":"","background-image":"","background-repeat":"repeat","background-position":"center center","background-size":"auto","background-attachment":"scroll","background-type":"","background-media":"","overlay-type":"","overlay-color":"","overlay-opacity":"","overlay-gradient":""},"tablet":{"background-color":"","background-image":"","background-repeat":"repeat","background-position":"center center","background-size":"auto","background-attachment":"scroll","background-type":"","background-media":"","overlay-type":"","overlay-color":"","overlay-opacity":"","overlay-gradient":""},"mobile":{"background-color":"","background-image":"","background-repeat":"repeat","background-position":"center center","background-size":"auto","background-attachment":"scroll","background-type":"","background-media":"","overlay-type":"","overlay-color":"","overlay-opacity":"","overlay-gradient":""}},"ast-content-background-meta":{"desktop":{"background-color":"var(--ast-global-color-5)","background-image":"","background-repeat":"repeat","background-position":"center center","background-size":"auto","background-attachment":"scroll","background-type":"","background-media":"","overlay-type":"","overlay-color":"","overlay-opacity":"","overlay-gradient":""},"tablet":{"background-color":"var(--ast-global-color-5)","background-image":"","background-repeat":"repeat","background-position":"center center","background-size":"auto","background-attachment":"scroll","background-type":"","background-media":"","overlay-type":"","overlay-color":"","overlay-opacity":"","overlay-gradient":""},"mobile":{"background-color":"var(--ast-global-color-5)","background-image":"","background-repeat":"repeat","background-position":"center center","background-size":"auto","background-attachment":"scroll","background-type":"","background-media":"","overlay-type":"","overlay-color":"","overlay-opacity":"","overlay-gradient":""}},"footnotes":""},"class_list":["post-4108","page","type-page","status-publish","hentry"],"_links":{"self":[{"href":"https:\/\/www.obenauscommunity.org\/de\/wp-json\/wp\/v2\/pages\/4108","targetHints":{"allow":["GET"]}}],"collection":[{"href":"https:\/\/www.obenauscommunity.org\/de\/wp-json\/wp\/v2\/pages"}],"about":[{"href":"https:\/\/www.obenauscommunity.org\/de\/wp-json\/wp\/v2\/types\/page"}],"author":[{"embeddable":true,"href":"https:\/\/www.obenauscommunity.org\/de\/wp-json\/wp\/v2\/users\/6"}],"replies":[{"embeddable":true,"href":"https:\/\/www.obenauscommunity.org\/de\/wp-json\/wp\/v2\/comments?post=4108"}],"version-history":[{"count":10,"href":"https:\/\/www.obenauscommunity.org\/de\/wp-json\/wp\/v2\/pages\/4108\/revisions"}],"predecessor-version":[{"id":10111,"href":"https:\/\/www.obenauscommunity.org\/de\/wp-json\/wp\/v2\/pages\/4108\/revisions\/10111"}],"wp:attachment":[{"href":"https:\/\/www.obenauscommunity.org\/de\/wp-json\/wp\/v2\/media?parent=4108"}],"curies":[{"name":"wp","href":"https:\/\/api.w.org\/{rel}","templated":true}]}}