{"id":4096,"date":"2019-09-26T11:27:23","date_gmt":"2019-09-26T11:27:23","guid":{"rendered":"https:\/\/www.obenauscommunity.org\/?page_id=4096"},"modified":"2024-01-15T15:52:40","modified_gmt":"2024-01-15T15:52:40","slug":"gemeinsames-schaffen","status":"publish","type":"page","link":"https:\/\/www.obenauscommunity.org\/de\/gemeinsames-schaffen\/","title":{"rendered":"Da-Sein vor Ort"},"content":{"rendered":"<div data-elementor-type=\"wp-page\" data-elementor-id=\"4096\" class=\"elementor elementor-4096\">\n\t\t\t\t\t\t<section class=\"elementor-section elementor-top-section elementor-element elementor-element-706a768e elementor-section-content-middle elementor-section-boxed elementor-section-height-default elementor-section-height-default\" data-id=\"706a768e\" data-element_type=\"section\" data-settings=\"{&quot;background_background&quot;:&quot;classic&quot;}\">\n\t\t\t\t\t\t\t<div class=\"elementor-background-overlay\"><\/div>\n\t\t\t\t\t\t\t<div class=\"elementor-container elementor-column-gap-default\">\n\t\t\t\t\t<div class=\"elementor-column elementor-col-100 elementor-top-column elementor-element elementor-element-227be19c\" data-id=\"227be19c\" data-element_type=\"column\">\n\t\t\t<div class=\"elementor-widget-wrap elementor-element-populated\">\n\t\t\t\t\t\t<div class=\"elementor-element elementor-element-508d3c7c elementor-widget elementor-widget-heading\" data-id=\"508d3c7c\" data-element_type=\"widget\" data-widget_type=\"heading.default\">\n\t\t\t\t<div class=\"elementor-widget-container\">\n\t\t\t\t\t<h1 class=\"elementor-heading-title elementor-size-default\">Wohnsitz in Obenaus<\/h1>\t\t\t\t<\/div>\n\t\t\t\t<\/div>\n\t\t\t\t<div class=\"elementor-element elementor-element-2b9132df elementor-widget elementor-widget-text-editor\" data-id=\"2b9132df\" data-element_type=\"widget\" data-widget_type=\"text-editor.default\">\n\t\t\t\t<div class=\"elementor-widget-container\">\n\t\t\t\t\t\t\t\t\t<p>Mitgestaltung von Lebensweisen im Einklang mit der Natur.<\/p>\t\t\t\t\t\t\t\t<\/div>\n\t\t\t\t<\/div>\n\t\t\t\t<section class=\"elementor-section elementor-inner-section elementor-element elementor-element-a0d612a elementor-section-boxed elementor-section-height-default elementor-section-height-default\" data-id=\"a0d612a\" data-element_type=\"section\">\n\t\t\t\t\t\t<div class=\"elementor-container elementor-column-gap-default\">\n\t\t\t\t\t<div class=\"elementor-column elementor-col-50 elementor-inner-column elementor-element elementor-element-3ab4ad6\" data-id=\"3ab4ad6\" data-element_type=\"column\">\n\t\t\t<div class=\"elementor-widget-wrap elementor-element-populated\">\n\t\t\t\t\t\t<div class=\"elementor-element elementor-element-6e4e891 elementor-widget elementor-widget-heading\" data-id=\"6e4e891\" data-element_type=\"widget\" data-widget_type=\"heading.default\">\n\t\t\t\t<div class=\"elementor-widget-container\">\n\t\t\t\t\t<h2 class=\"elementor-heading-title elementor-size-default\">Ganzj\u00e4hrig Tag der offenen T\u00fcr<\/h2>\t\t\t\t<\/div>\n\t\t\t\t<\/div>\n\t\t\t\t<div class=\"elementor-element elementor-element-0bfa33e elementor-widget elementor-widget-text-editor\" data-id=\"0bfa33e\" data-element_type=\"widget\" data-widget_type=\"text-editor.default\">\n\t\t\t\t<div class=\"elementor-widget-container\">\n\t\t\t\t\t\t\t\t\t<p>Obenaus ist ein offenes Dorf. Wir haben ruhigere Zeiten und im Sommer veranstalten wir hier Workshops und Seminare. Familien mit Kindern sind herzlich willkommen! Alles wird gemeinsam mit Menschen wie Ihnen geschaffen. Bringen Sie Ihre W\u00fcnsche, Ideen und Angebote mit, sie sind willkommen und Teil des Programms!\u00a0<br \/>Sehen Sie sich die Veranstaltungen im Sommer f\u00fcr bereits organisierte Workshops an.<\/p><p><span style=\"font-size: 15px;\">Der Standort ist ein altes kleines landwirtschaftliches Anwesen mit einigen Geb\u00e4uden, die f\u00fcr das Gemeinschaftsleben umgebaut werden. Wir haben unser eigenes Quellwasser, ein organisches Abwassersystem, einen Garten, Kompostierung, biologische Reinigungsmittel, einen kleinen Wald, Obstb\u00e4ume, Wiesen, eine kleine Schafherde und einen lieben Bauernhofhund.\u00a0<\/span><\/p>\t\t\t\t\t\t\t\t<\/div>\n\t\t\t\t<\/div>\n\t\t\t\t\t<\/div>\n\t\t<\/div>\n\t\t\t\t<div class=\"elementor-column elementor-col-50 elementor-inner-column elementor-element elementor-element-91531c1\" data-id=\"91531c1\" data-element_type=\"column\" data-settings=\"{&quot;background_background&quot;:&quot;classic&quot;}\">\n\t\t\t<div class=\"elementor-widget-wrap elementor-element-populated\">\n\t\t\t\t\t\t<div class=\"elementor-element elementor-element-eb5937f elementor-widget elementor-widget-image\" data-id=\"eb5937f\" data-element_type=\"widget\" data-widget_type=\"image.default\">\n\t\t\t\t<div class=\"elementor-widget-container\">\n\t\t\t\t\t\t\t\t\t\t\t\t\t\t\t<img fetchpriority=\"high\" decoding=\"async\" width=\"1024\" height=\"768\" src=\"https:\/\/www.obenauscommunity.org\/wp-content\/uploads\/Obenaus-Youthcamp-2014-32-1024x768.jpg\" class=\"attachment-large size-large wp-image-2022\" alt=\"\" srcset=\"https:\/\/www.obenauscommunity.org\/wp-content\/uploads\/Obenaus-Youthcamp-2014-32-1024x768.jpg 1024w, https:\/\/www.obenauscommunity.org\/wp-content\/uploads\/Obenaus-Youthcamp-2014-32-600x450.jpg 600w, https:\/\/www.obenauscommunity.org\/wp-content\/uploads\/Obenaus-Youthcamp-2014-32-400x300.jpg 400w, https:\/\/www.obenauscommunity.org\/wp-content\/uploads\/Obenaus-Youthcamp-2014-32.jpg 1080w\" sizes=\"(max-width: 1024px) 100vw, 1024px\" \/>\t\t\t\t\t\t\t\t\t\t\t\t\t\t\t<\/div>\n\t\t\t\t<\/div>\n\t\t\t\t\t<\/div>\n\t\t<\/div>\n\t\t\t\t\t<\/div>\n\t\t<\/section>\n\t\t\t\t<section class=\"elementor-section elementor-inner-section elementor-element elementor-element-7e76765 elementor-section-boxed elementor-section-height-default elementor-section-height-default\" data-id=\"7e76765\" data-element_type=\"section\">\n\t\t\t\t\t\t<div class=\"elementor-container elementor-column-gap-default\">\n\t\t\t\t\t<div class=\"elementor-column elementor-col-50 elementor-inner-column elementor-element elementor-element-f121f1a\" data-id=\"f121f1a\" data-element_type=\"column\">\n\t\t\t<div class=\"elementor-widget-wrap elementor-element-populated\">\n\t\t\t\t\t\t<div class=\"elementor-element elementor-element-a36d2a7 elementor-widget elementor-widget-image\" data-id=\"a36d2a7\" data-element_type=\"widget\" data-widget_type=\"image.default\">\n\t\t\t\t<div class=\"elementor-widget-container\">\n\t\t\t\t\t\t\t\t\t\t\t\t\t\t\t<img decoding=\"async\" width=\"1024\" height=\"768\" src=\"https:\/\/www.obenauscommunity.org\/wp-content\/uploads\/20231029_PA294356-1024x768.jpg\" class=\"attachment-large size-large wp-image-9591\" alt=\"\" srcset=\"https:\/\/www.obenauscommunity.org\/wp-content\/uploads\/20231029_PA294356-1024x768.jpg 1024w, https:\/\/www.obenauscommunity.org\/wp-content\/uploads\/20231029_PA294356-400x300.jpg 400w, https:\/\/www.obenauscommunity.org\/wp-content\/uploads\/20231029_PA294356-768x576.jpg 768w, https:\/\/www.obenauscommunity.org\/wp-content\/uploads\/20231029_PA294356-1536x1152.jpg 1536w, https:\/\/www.obenauscommunity.org\/wp-content\/uploads\/20231029_PA294356-2048x1536.jpg 2048w, https:\/\/www.obenauscommunity.org\/wp-content\/uploads\/20231029_PA294356-16x12.jpg 16w, https:\/\/www.obenauscommunity.org\/wp-content\/uploads\/20231029_PA294356-600x450.jpg 600w\" sizes=\"(max-width: 1024px) 100vw, 1024px\" \/>\t\t\t\t\t\t\t\t\t\t\t\t\t\t\t<\/div>\n\t\t\t\t<\/div>\n\t\t\t\t\t<\/div>\n\t\t<\/div>\n\t\t\t\t<div class=\"elementor-column elementor-col-50 elementor-inner-column elementor-element elementor-element-2d7aff1\" data-id=\"2d7aff1\" data-element_type=\"column\" data-settings=\"{&quot;background_background&quot;:&quot;classic&quot;}\">\n\t\t\t<div class=\"elementor-widget-wrap elementor-element-populated\">\n\t\t\t\t\t\t<div class=\"elementor-element elementor-element-b57986a elementor-widget elementor-widget-text-editor\" data-id=\"b57986a\" data-element_type=\"widget\" data-widget_type=\"text-editor.default\">\n\t\t\t\t<div class=\"elementor-widget-container\">\n\t\t\t\t\t\t\t\t\t<p><span style=\"font-size: 15px; font-style: normal; font-weight: 400;\">Die Lebensweise von Obenaus basiert auf kontinuierlichem Lernen vom Leben, der Natur, voneinander und den Menschen um uns herum. Manchmal verwenden wir spezifische Praktiken wie systemische Arbeit und Aufstellungen, Aktionslernen, die Kunst, wichtige Gespr\u00e4che zu f\u00fchren, Peer-Spirit-Kreise und Ernten, um unser Lernen zu unterst\u00fctzen. Wir interessieren uns daf\u00fcr, wie es fr\u00fcher lief und nehmen gleichzeitig an neuen Bewegungen teil. Kontaktieren Sie uns und melden Sie sich f\u00fcr Ihren Aufenthalt unter obenaus@obenauscommunity.org an<\/span><\/p><div>Im aktuellen Zustand unseres Hauses verf\u00fcgen wir \u00fcber ein paar Privatzimmer und eine kleine Wohnung mit festen Mauern um Sie herum. Dar\u00fcber hinaus bieten wir f\u00fcr Ihren Aufenthalt gem\u00fctliche Campingpl\u00e4tze mit modernen B\u00e4dern und warmen Duschen. Sie k\u00f6nnen Ihr eigenes Zelt mitbringen oder eines bei uns ausleihen.\u00a0<br \/>Wenn Sie auf der Suche nach etwas anderem Komfort sind, sind B&amp;Bs und Hotels nur wenige Gehminuten vom Bauernhof entfernt. Von Fr\u00fchling bis Herbst ist das Wetter normalerweise sehr sonnig und trocken. F\u00fcr den unwahrscheinlichen Fall, dass es viel regnet, gibt es einen trockenen Unterschlupf.\u00a0<\/div>\t\t\t\t\t\t\t\t<\/div>\n\t\t\t\t<\/div>\n\t\t\t\t\t<\/div>\n\t\t<\/div>\n\t\t\t\t\t<\/div>\n\t\t<\/section>\n\t\t\t\t<section class=\"elementor-section elementor-inner-section elementor-element elementor-element-46e0bff elementor-section-boxed elementor-section-height-default elementor-section-height-default\" data-id=\"46e0bff\" data-element_type=\"section\">\n\t\t\t\t\t\t<div class=\"elementor-container elementor-column-gap-default\">\n\t\t\t\t\t<div class=\"elementor-column elementor-col-50 elementor-inner-column elementor-element elementor-element-12f7f66\" data-id=\"12f7f66\" data-element_type=\"column\">\n\t\t\t<div class=\"elementor-widget-wrap elementor-element-populated\">\n\t\t\t\t\t\t<div class=\"elementor-element elementor-element-be220a1 elementor-widget elementor-widget-text-editor\" data-id=\"be220a1\" data-element_type=\"widget\" data-widget_type=\"text-editor.default\">\n\t\t\t\t<div class=\"elementor-widget-container\">\n\t\t\t\t\t\t\t\t\t<p>W\u00e4hrend Ihres Aufenthaltes sind Sie Teil des Obenaus-Gemeinschaftslebens. Neben der Gesellschaft beim Essen und dem Kontakt mit anderen geh\u00f6rt es zu unserem Leben, eine feste Stunde pro Tag mit gemeinschaftlichen Aufgaben zu verbringen, wie zum Beispiel das Zubereiten der Mahlzeiten, den Marktbesuch, die Gartenarbeit, das Holzhacken, den Raum sch\u00f6n und sauber zu halten und den Rasen zu schneiden mit der Sense, sich um die Tiere k\u00fcmmern usw.<\/p><p>Es gibt viel Platz f\u00fcr Kunst und Handwerk, Lagerfeuer und Musik, Gespr\u00e4che, Wanderungen, Workshops in unserer Scheune, Filmabende im\/auf dem Dachboden und vieles mehr.<\/p>\t\t\t\t\t\t\t\t<\/div>\n\t\t\t\t<\/div>\n\t\t\t\t\t<\/div>\n\t\t<\/div>\n\t\t\t\t<div class=\"elementor-column elementor-col-50 elementor-inner-column elementor-element elementor-element-c1a1a34\" data-id=\"c1a1a34\" data-element_type=\"column\" data-settings=\"{&quot;background_background&quot;:&quot;classic&quot;}\">\n\t\t\t<div class=\"elementor-widget-wrap elementor-element-populated\">\n\t\t\t\t\t\t<div class=\"elementor-element elementor-element-716e144 elementor-widget elementor-widget-image\" data-id=\"716e144\" data-element_type=\"widget\" data-widget_type=\"image.default\">\n\t\t\t\t<div class=\"elementor-widget-container\">\n\t\t\t\t\t\t\t\t\t\t\t\t\t\t\t<img decoding=\"async\" width=\"640\" height=\"426\" src=\"https:\/\/www.obenauscommunity.org\/wp-content\/uploads\/fireplace.png\" class=\"attachment-large size-large wp-image-2434\" alt=\"\" srcset=\"https:\/\/www.obenauscommunity.org\/wp-content\/uploads\/fireplace.png 640w, https:\/\/www.obenauscommunity.org\/wp-content\/uploads\/fireplace-600x399.png 600w, https:\/\/www.obenauscommunity.org\/wp-content\/uploads\/fireplace-400x266.png 400w\" sizes=\"(max-width: 640px) 100vw, 640px\" \/>\t\t\t\t\t\t\t\t\t\t\t\t\t\t\t<\/div>\n\t\t\t\t<\/div>\n\t\t\t\t\t<\/div>\n\t\t<\/div>\n\t\t\t\t\t<\/div>\n\t\t<\/section>\n\t\t\t\t<div class=\"elementor-element elementor-element-5a263cd elementor-widget elementor-widget-text-editor\" data-id=\"5a263cd\" data-element_type=\"widget\" data-widget_type=\"text-editor.default\">\n\t\t\t\t<div class=\"elementor-widget-container\">\n\t\t\t\t\t\t\t\t\t<p><b>Ihr Beitrag<\/b><\/p><p>Der Wert eines Aufenthalts hier l\u00e4sst sich kaum in Geld messen. Wie k\u00f6nnen wir die Wirkung des Erdens, Landens, Verbindens und Findens neuer Inspiration wertsch\u00e4tzen? Sch\u00e4tzen Sie Ihren Aufenthalt also selbst, wir freuen uns \u00fcber Ihre Spenden. Geld ist eine M\u00f6glichkeit, auch andere Formen sind willkommen.<br \/><span style=\"font-size: 1rem;\">Um die Kosten f\u00fcr Verpflegung und Unterkunft zu decken, empfehlen wir eine Spende von 35 \u20ac pro Tag (20 \u20ac, wenn Sie woanders schlafen, 45 \u20ac, wenn Sie eines unserer wenigen Zimmer mit festen W\u00e4nden haben). Die Workshop-Geb\u00fchren variieren. Die Tickets finden Sie bei der Anmeldung. Wenn Sie einen weiteren Mehrwert beitragen m\u00f6chten\/k\u00f6nnen, lassen Sie es uns wissen!<\/span><\/p><p><b>Mitgliedschaft<\/b><\/p><p><span style=\"font-weight: 400;\">F\u00fcr die Zeit Ihres Aufenthaltes werden Sie au\u00dferordentliches Mitglied im Obenauer Gemeindeverein. Au\u00dfer einem einmaligen Mitgliedsbeitrag von 95 \u20ac entstehen f\u00fcr Sie keine weiteren Verpflichtungen. Dies ist aus verwaltungstechnischen Gr\u00fcnden notwendig, da die Rechtsgrundlage f\u00fcr Obenaus der Verein ist und dieser nur Mitgliedern offensteht. Bitte beachten Sie, dass Sie f\u00fcr alles, was eine Versicherung abdecken kann, auf Ihr eigenes Risiko und Ihre eigene Verantwortung kommen. Und: Wir bieten Mitgliedern die ersten 2 Tage jedes Aufenthaltes in Obenaus kostenlos an!<\/span><\/p>\t\t\t\t\t\t\t\t<\/div>\n\t\t\t\t<\/div>\n\t\t\t\t\t<\/div>\n\t\t<\/div>\n\t\t\t\t\t<\/div>\n\t\t<\/section>\n\t\t\t\t<\/div>","protected":false},"excerpt":{"rendered":"<p>Residency in Obenaus Co-creating ways of living in harmony with Nature. Open House all year Obenaus is an open village. We have more quiet periods, and in summer we organise workshops and seminars here. Families with kids are welcome! All is co-created with people like you. Bring your wishes, ideas and offerings, they are welcome [&hellip;]<\/p>\n","protected":false},"author":6,"featured_media":0,"parent":0,"menu_order":0,"comment_status":"closed","ping_status":"closed","template":"","meta":{"site-sidebar-layout":"no-sidebar","site-content-layout":"page-builder","ast-site-content-layout":"default","site-content-style":"default","site-sidebar-style":"default","ast-global-header-display":"","ast-banner-title-visibility":"","ast-main-header-display":"","ast-hfb-above-header-display":"","ast-hfb-below-header-display":"","ast-hfb-mobile-header-display":"","site-post-title":"disabled","ast-breadcrumbs-content":"","ast-featured-img":"disabled","footer-sml-layout":"","theme-transparent-header-meta":"default","adv-header-id-meta":"","stick-header-meta":"","header-above-stick-meta":"","header-main-stick-meta":"","header-below-stick-meta":"","astra-migrate-meta-layouts":"default","ast-page-background-enabled":"default","ast-page-background-meta":{"desktop":{"background-color":"","background-image":"","background-repeat":"repeat","background-position":"center center","background-size":"auto","background-attachment":"scroll","background-type":"","background-media":"","overlay-type":"","overlay-color":"","overlay-opacity":"","overlay-gradient":""},"tablet":{"background-color":"","background-image":"","background-repeat":"repeat","background-position":"center center","background-size":"auto","background-attachment":"scroll","background-type":"","background-media":"","overlay-type":"","overlay-color":"","overlay-opacity":"","overlay-gradient":""},"mobile":{"background-color":"","background-image":"","background-repeat":"repeat","background-position":"center center","background-size":"auto","background-attachment":"scroll","background-type":"","background-media":"","overlay-type":"","overlay-color":"","overlay-opacity":"","overlay-gradient":""}},"ast-content-background-meta":{"desktop":{"background-color":"var(--ast-global-color-5)","background-image":"","background-repeat":"repeat","background-position":"center center","background-size":"auto","background-attachment":"scroll","background-type":"","background-media":"","overlay-type":"","overlay-color":"","overlay-opacity":"","overlay-gradient":""},"tablet":{"background-color":"var(--ast-global-color-5)","background-image":"","background-repeat":"repeat","background-position":"center center","background-size":"auto","background-attachment":"scroll","background-type":"","background-media":"","overlay-type":"","overlay-color":"","overlay-opacity":"","overlay-gradient":""},"mobile":{"background-color":"var(--ast-global-color-5)","background-image":"","background-repeat":"repeat","background-position":"center center","background-size":"auto","background-attachment":"scroll","background-type":"","background-media":"","overlay-type":"","overlay-color":"","overlay-opacity":"","overlay-gradient":""}},"footnotes":""},"class_list":["post-4096","page","type-page","status-publish","hentry"],"_links":{"self":[{"href":"https:\/\/www.obenauscommunity.org\/de\/wp-json\/wp\/v2\/pages\/4096","targetHints":{"allow":["GET"]}}],"collection":[{"href":"https:\/\/www.obenauscommunity.org\/de\/wp-json\/wp\/v2\/pages"}],"about":[{"href":"https:\/\/www.obenauscommunity.org\/de\/wp-json\/wp\/v2\/types\/page"}],"author":[{"embeddable":true,"href":"https:\/\/www.obenauscommunity.org\/de\/wp-json\/wp\/v2\/users\/6"}],"replies":[{"embeddable":true,"href":"https:\/\/www.obenauscommunity.org\/de\/wp-json\/wp\/v2\/comments?post=4096"}],"version-history":[{"count":10,"href":"https:\/\/www.obenauscommunity.org\/de\/wp-json\/wp\/v2\/pages\/4096\/revisions"}],"predecessor-version":[{"id":9640,"href":"https:\/\/www.obenauscommunity.org\/de\/wp-json\/wp\/v2\/pages\/4096\/revisions\/9640"}],"wp:attachment":[{"href":"https:\/\/www.obenauscommunity.org\/de\/wp-json\/wp\/v2\/media?parent=4096"}],"curies":[{"name":"wp","href":"https:\/\/api.w.org\/{rel}","templated":true}]}}