{"id":2834,"date":"2015-06-21T19:37:48","date_gmt":"2015-06-21T19:37:48","guid":{"rendered":"http:\/\/www.obenauscommunity.org\/?page_id=2834"},"modified":"2019-10-13T04:49:39","modified_gmt":"2019-10-13T04:49:39","slug":"gemeindeverein-obenaus","status":"publish","type":"page","link":"https:\/\/www.obenauscommunity.org\/de\/gemeindeverein-obenaus\/","title":{"rendered":"Verein \u201eGemeinde Obenaus\u201c"},"content":{"rendered":"<p style=\"text-align: center;\"><a href=\"http:\/\/www.obenauscommunity.org\/wp-content\/uploads\/Card001a.png\"><img decoding=\"async\" class=\"aligncenter size-large wp-image-2819\" style=\"box-shadow: 3px 3px 7px #888888; margin-bottom: 30px;\" src=\"http:\/\/www.obenauscommunity.org\/wp-content\/uploads\/Card001a-1024x725.png\" alt=\"Karte001a\" width=\"500\" srcset=\"https:\/\/www.obenauscommunity.org\/wp-content\/uploads\/Card001a-1024x725.png 1024w, https:\/\/www.obenauscommunity.org\/wp-content\/uploads\/Card001a-600x425.png 600w, https:\/\/www.obenauscommunity.org\/wp-content\/uploads\/Card001a-400x283.png 400w, https:\/\/www.obenauscommunity.org\/wp-content\/uploads\/Card001a.png 1230w\" sizes=\"(max-width: 1024px) 100vw, 1024px\" \/><\/a>Der Zweck der Obenaus-Gemeinschaft ist der Betrieb des Bauernhofes Obenaus,<br \/>\nund es in Gemeinschaft mit Leben zu f\u00fcllen.<br \/>\nDer Verein fungiert als Durchf\u00fchrungsplattform f\u00fcr Events oder Seminare an unterschiedlichen Orten sowie online.<br \/>\nDas Zusammensein ist unsere Gastfreundschaft. Wir praktizieren die Kunst des Gastgebens.<br \/>\nUnsere Mitglieder verstehen ihr Lernen und ihre Entwicklung als Verbindung zur kollektiven Intelligenz.<br \/>\nLernen und Lehren verschmelzen in diesem Prozess der Selbsterkenntnis.<br \/>\nVoraussetzung ist, dass Sie die Verantwortung f\u00fcr Ihr eigenes Handeln \u00fcbernehmen.<br \/>\nEmpathie ist der richtige Umgang miteinander.<br \/>\nMitglieder sind Menschen, die eine tempor\u00e4re Gemeinschaft suchen,<br \/>\nsei es als Teilnehmer einer Veranstaltung, als Gast f\u00fcr ein paar Tage, f\u00fcr mehrere Wochen oder l\u00e4nger oder auch dauerhaft.<br \/>\nDiese Community erm\u00f6glicht ihren Mitgliedern, ihre Pl\u00e4ne, Ideen und Projekte zu erkunden, zu entwickeln und in die Tat umzusetzen.<br \/>\nIm Verbund besteht die Wohngemeinschaft \u201eWohnen in Obenaus\u201c | \u201eGemeinschaftliches Leben in Obenaus\u201c<br \/>\nsowie der Co-Working-Space \u201eIn Gemeinschaft arbeiten\u201c | \u201eCo-Working Space Obenaus\u201c.<\/p>\n<p>.<\/p>","protected":false},"excerpt":{"rendered":"<p>The purpose of the Obenaus Community is to operate the farm Obenaus, and to fill it with life in community. The association acts as a hosting platform for events or seminars at different locations as well as online. Being together is our hospitality. We practice the arts of hosting. Our members understand their learning and [&hellip;]<\/p>\n","protected":false},"author":6,"featured_media":0,"parent":0,"menu_order":0,"comment_status":"closed","ping_status":"closed","template":"","meta":{"site-sidebar-layout":"default","site-content-layout":"default","ast-site-content-layout":"default","site-content-style":"default","site-sidebar-style":"default","ast-global-header-display":"","ast-banner-title-visibility":"","ast-main-header-display":"","ast-hfb-above-header-display":"","ast-hfb-below-header-display":"","ast-hfb-mobile-header-display":"","site-post-title":"","ast-breadcrumbs-content":"","ast-featured-img":"","footer-sml-layout":"","theme-transparent-header-meta":"default","adv-header-id-meta":"","stick-header-meta":"","header-above-stick-meta":"","header-main-stick-meta":"","header-below-stick-meta":"","astra-migrate-meta-layouts":"default","ast-page-background-enabled":"default","ast-page-background-meta":{"desktop":{"background-color":"","background-image":"","background-repeat":"repeat","background-position":"center center","background-size":"auto","background-attachment":"scroll","background-type":"","background-media":"","overlay-type":"","overlay-color":"","overlay-opacity":"","overlay-gradient":""},"tablet":{"background-color":"","background-image":"","background-repeat":"repeat","background-position":"center center","background-size":"auto","background-attachment":"scroll","background-type":"","background-media":"","overlay-type":"","overlay-color":"","overlay-opacity":"","overlay-gradient":""},"mobile":{"background-color":"","background-image":"","background-repeat":"repeat","background-position":"center center","background-size":"auto","background-attachment":"scroll","background-type":"","background-media":"","overlay-type":"","overlay-color":"","overlay-opacity":"","overlay-gradient":""}},"ast-content-background-meta":{"desktop":{"background-color":"var(--ast-global-color-5)","background-image":"","background-repeat":"repeat","background-position":"center center","background-size":"auto","background-attachment":"scroll","background-type":"","background-media":"","overlay-type":"","overlay-color":"","overlay-opacity":"","overlay-gradient":""},"tablet":{"background-color":"var(--ast-global-color-5)","background-image":"","background-repeat":"repeat","background-position":"center center","background-size":"auto","background-attachment":"scroll","background-type":"","background-media":"","overlay-type":"","overlay-color":"","overlay-opacity":"","overlay-gradient":""},"mobile":{"background-color":"var(--ast-global-color-5)","background-image":"","background-repeat":"repeat","background-position":"center center","background-size":"auto","background-attachment":"scroll","background-type":"","background-media":"","overlay-type":"","overlay-color":"","overlay-opacity":"","overlay-gradient":""}},"footnotes":""},"class_list":["post-2834","page","type-page","status-publish","hentry"],"_links":{"self":[{"href":"https:\/\/www.obenauscommunity.org\/de\/wp-json\/wp\/v2\/pages\/2834","targetHints":{"allow":["GET"]}}],"collection":[{"href":"https:\/\/www.obenauscommunity.org\/de\/wp-json\/wp\/v2\/pages"}],"about":[{"href":"https:\/\/www.obenauscommunity.org\/de\/wp-json\/wp\/v2\/types\/page"}],"author":[{"embeddable":true,"href":"https:\/\/www.obenauscommunity.org\/de\/wp-json\/wp\/v2\/users\/6"}],"replies":[{"embeddable":true,"href":"https:\/\/www.obenauscommunity.org\/de\/wp-json\/wp\/v2\/comments?post=2834"}],"version-history":[{"count":13,"href":"https:\/\/www.obenauscommunity.org\/de\/wp-json\/wp\/v2\/pages\/2834\/revisions"}],"predecessor-version":[{"id":4276,"href":"https:\/\/www.obenauscommunity.org\/de\/wp-json\/wp\/v2\/pages\/2834\/revisions\/4276"}],"wp:attachment":[{"href":"https:\/\/www.obenauscommunity.org\/de\/wp-json\/wp\/v2\/media?parent=2834"}],"curies":[{"name":"wp","href":"https:\/\/api.w.org\/{rel}","templated":true}]}}