{"id":2818,"date":"2015-06-21T18:39:37","date_gmt":"2015-06-21T18:39:37","guid":{"rendered":"http:\/\/www.obenauscommunity.org\/?page_id=2818"},"modified":"2016-02-24T07:55:28","modified_gmt":"2016-02-24T07:55:28","slug":"obenaus-community","status":"publish","type":"page","link":"https:\/\/www.obenauscommunity.org\/de\/obenaus-community\/","title":{"rendered":"Obenaus-Gemeinschaft (Verein)"},"content":{"rendered":"<p><a href=\"http:\/\/www.obenauscommunity.org\/wp-content\/uploads\/Card001a.png\"><img decoding=\"async\" class=\"aligncenter size-large wp-image-2819\" style=\"box-shadow: 3px 3px 7px #888888; margin-bottom: 30px;\" src=\"http:\/\/www.obenauscommunity.org\/wp-content\/uploads\/Card001a-1024x725.png\" alt=\"Karte001a\" width=\"500\" srcset=\"https:\/\/www.obenauscommunity.org\/wp-content\/uploads\/Card001a-1024x725.png 1024w, https:\/\/www.obenauscommunity.org\/wp-content\/uploads\/Card001a-600x425.png 600w, https:\/\/www.obenauscommunity.org\/wp-content\/uploads\/Card001a-400x283.png 400w, https:\/\/www.obenauscommunity.org\/wp-content\/uploads\/Card001a.png 1230w\" sizes=\"(max-width: 1024px) 100vw, 1024px\" \/><\/a><\/p>\n<p style=\"text-align: center;\">Die \u201eObenaus Community\u201c ist ein eingetragener Verein mit der ZVR Nr. 284 230 264<br \/> Der Zweck der Obenaus-Gemeinschaft ist es den Hof Obenaus zu betreiben, <br \/> und ihn mit Leben in Gemeinschaft zu f\u00fcllen. <br \/> Der Verein tr\u00e4gt dazu als Tr\u00e4ger von Veranstaltungen bei, <br \/> Seminare an anderen Orten, sowie auf Onlineplattformen.<br \/> Das Zusammensein ist Gastfreundschaft im weitesten Sinn. <br \/> Die Mitglieder verstehen Lernen und Wachsen als allgemeinen Prozess. <br \/> Lernen und Lehren \u00fcberschneiden sich dabei in Prozessen der Selbsterfahrung. <br \/> Die Haltung, Verantwortung f\u00fcr das eigene Handeln zu tragen, ist dabei Voraussetzung.<br \/> Die Mitgliedschaft ist auf kurze oder l\u00e4ngere Zeit m\u00f6glich, sei es als Teilnehmer einer Veranstaltung, als G\u00e4ste f\u00fcr einige Tage, f\u00fcr einige Wochen oder Monate, oder auch auf Dauer.<br \/> Diese Gemeinschaft soll es m\u00f6glich machen, <br \/> dass ihre Mitglieder ihre Pl\u00e4ne, Ideen und Projekte ausloten, entwickeln und verwirklichen k\u00f6nnen.<br \/> In Obenaus gibt es die Wohngemeinschaft \u201eWohnen in Obenaus\u201c | \u201eGemeinschaftliches Leben in Obenaus\u201c, <br \/>den Co-Working Space \u201eIn Gemeinschaft Arbeiten\u201c | \u201eCo-Working Space Obenaus\u201c.<\/p>","protected":false},"excerpt":{"rendered":"<p>Die &#8220;Obenaus Community&#8221; ist ein eingetragener Verein mit der ZVR Nr. 284 230 264 Der Zweck der Obenaus Community ist es den Hof Obenaus zu betreiben, und ihn mit Leben in Gemeinschaft zu f\u00fcllen. Der Verein fungiert dazu\u00a0als Tr\u00e4ger von Veranstaltungen, Seminaren an anderen Orten, sowie auf Onlineplattformen. Das Zusammensein ist Gastfreundschat im weitesten Sinn. [&hellip;]<\/p>\n","protected":false},"author":6,"featured_media":0,"parent":0,"menu_order":0,"comment_status":"closed","ping_status":"closed","template":"","meta":{"site-sidebar-layout":"default","site-content-layout":"","ast-site-content-layout":"default","site-content-style":"default","site-sidebar-style":"default","ast-global-header-display":"","ast-banner-title-visibility":"","ast-main-header-display":"","ast-hfb-above-header-display":"","ast-hfb-below-header-display":"","ast-hfb-mobile-header-display":"","site-post-title":"","ast-breadcrumbs-content":"","ast-featured-img":"","footer-sml-layout":"","theme-transparent-header-meta":"","adv-header-id-meta":"","stick-header-meta":"","header-above-stick-meta":"","header-main-stick-meta":"","header-below-stick-meta":"","astra-migrate-meta-layouts":"default","ast-page-background-enabled":"default","ast-page-background-meta":{"desktop":{"background-color":"","background-image":"","background-repeat":"repeat","background-position":"center center","background-size":"auto","background-attachment":"scroll","background-type":"","background-media":"","overlay-type":"","overlay-color":"","overlay-opacity":"","overlay-gradient":""},"tablet":{"background-color":"","background-image":"","background-repeat":"repeat","background-position":"center center","background-size":"auto","background-attachment":"scroll","background-type":"","background-media":"","overlay-type":"","overlay-color":"","overlay-opacity":"","overlay-gradient":""},"mobile":{"background-color":"","background-image":"","background-repeat":"repeat","background-position":"center center","background-size":"auto","background-attachment":"scroll","background-type":"","background-media":"","overlay-type":"","overlay-color":"","overlay-opacity":"","overlay-gradient":""}},"ast-content-background-meta":{"desktop":{"background-color":"var(--ast-global-color-5)","background-image":"","background-repeat":"repeat","background-position":"center center","background-size":"auto","background-attachment":"scroll","background-type":"","background-media":"","overlay-type":"","overlay-color":"","overlay-opacity":"","overlay-gradient":""},"tablet":{"background-color":"var(--ast-global-color-5)","background-image":"","background-repeat":"repeat","background-position":"center center","background-size":"auto","background-attachment":"scroll","background-type":"","background-media":"","overlay-type":"","overlay-color":"","overlay-opacity":"","overlay-gradient":""},"mobile":{"background-color":"var(--ast-global-color-5)","background-image":"","background-repeat":"repeat","background-position":"center center","background-size":"auto","background-attachment":"scroll","background-type":"","background-media":"","overlay-type":"","overlay-color":"","overlay-opacity":"","overlay-gradient":""}},"footnotes":""},"class_list":["post-2818","page","type-page","status-publish","hentry"],"_links":{"self":[{"href":"https:\/\/www.obenauscommunity.org\/de\/wp-json\/wp\/v2\/pages\/2818","targetHints":{"allow":["GET"]}}],"collection":[{"href":"https:\/\/www.obenauscommunity.org\/de\/wp-json\/wp\/v2\/pages"}],"about":[{"href":"https:\/\/www.obenauscommunity.org\/de\/wp-json\/wp\/v2\/types\/page"}],"author":[{"embeddable":true,"href":"https:\/\/www.obenauscommunity.org\/de\/wp-json\/wp\/v2\/users\/6"}],"replies":[{"embeddable":true,"href":"https:\/\/www.obenauscommunity.org\/de\/wp-json\/wp\/v2\/comments?post=2818"}],"version-history":[{"count":14,"href":"https:\/\/www.obenauscommunity.org\/de\/wp-json\/wp\/v2\/pages\/2818\/revisions"}],"predecessor-version":[{"id":2915,"href":"https:\/\/www.obenauscommunity.org\/de\/wp-json\/wp\/v2\/pages\/2818\/revisions\/2915"}],"wp:attachment":[{"href":"https:\/\/www.obenauscommunity.org\/de\/wp-json\/wp\/v2\/media?parent=2818"}],"curies":[{"name":"wp","href":"https:\/\/api.w.org\/{rel}","templated":true}]}}