{"id":1786,"date":"2014-06-16T14:42:16","date_gmt":"2014-06-16T14:42:16","guid":{"rendered":"http:\/\/www.obenauscommunity.org\/?page_id=1786"},"modified":"2014-06-16T16:00:44","modified_gmt":"2014-06-16T16:00:44","slug":"20-und-23-august-veranderung-und-transformation-zum-anfassen","status":"publish","type":"page","link":"https:\/\/www.obenauscommunity.org\/de\/20-und-23-august-veranderung-und-transformation-zum-anfassen\/","title":{"rendered":"20. und 23. August:<br>Ver\u00e4nderung und Transformation zum Anfassen!"},"content":{"rendered":"<div style=\"padding: 20px; background-color: #f8eeff;\">\n<p>Willkommen zu 2 Tagen praktischem Peer-Learning f\u00fcr Ver\u00e4nderung, Organisation und F\u00fchrung mithilfe des <b>Open-Space-Technologie<\/b>.<\/p>\n<p>Sie bringen Ihre eigenen Fragen und Projekte mit. Gemeinsam lernen und entwickeln wir und unsere Projekte gleichzeitig mit uns. Der Tag findet auf Englisch, Deutsch, Slowenisch und jeder Sprache statt, die die Teilnehmer verstehen oder sprechen.<\/p>\n<p>Beitrag: 70 \u20ac pro Tag.<br \/>Essen (Mittagessen) und Getr\u00e4nke inklusive.<br \/>Der Open Space ist f\u00fcr alle Teilnehmer aller anderen Open-House-Workshops inbegriffen.<\/p>\n<\/div>\n<div style=\"padding: 0px 20px;\">\n<a href=\"http:\/\/www.obenauscommunity.org\/de\/tag-der-offenen-tur\/\"><\/p>\n<h3>Gehen Sie zu: Tag der offenen T\u00fcr in Obenaus \u2013 August 2014<\/h3>\n<p><\/a>\n<\/div>","protected":false},"excerpt":{"rendered":"<p>Welcome to 2 days of practical peer learning for change, organization and leadership using the Open Space Technology. You bring your own questions and projects. Together we learn and devolop and our projects with us at the same time. The day is held in English, German, Slovene and whatever language participants understand or speak. Contribution: [&hellip;]<\/p>\n","protected":false},"author":6,"featured_media":0,"parent":0,"menu_order":0,"comment_status":"open","ping_status":"open","template":"","meta":{"site-sidebar-layout":"default","site-content-layout":"","ast-site-content-layout":"default","site-content-style":"default","site-sidebar-style":"default","ast-global-header-display":"","ast-banner-title-visibility":"","ast-main-header-display":"","ast-hfb-above-header-display":"","ast-hfb-below-header-display":"","ast-hfb-mobile-header-display":"","site-post-title":"","ast-breadcrumbs-content":"","ast-featured-img":"","footer-sml-layout":"","theme-transparent-header-meta":"","adv-header-id-meta":"","stick-header-meta":"","header-above-stick-meta":"","header-main-stick-meta":"","header-below-stick-meta":"","astra-migrate-meta-layouts":"default","ast-page-background-enabled":"default","ast-page-background-meta":{"desktop":{"background-color":"","background-image":"","background-repeat":"repeat","background-position":"center center","background-size":"auto","background-attachment":"scroll","background-type":"","background-media":"","overlay-type":"","overlay-color":"","overlay-opacity":"","overlay-gradient":""},"tablet":{"background-color":"","background-image":"","background-repeat":"repeat","background-position":"center center","background-size":"auto","background-attachment":"scroll","background-type":"","background-media":"","overlay-type":"","overlay-color":"","overlay-opacity":"","overlay-gradient":""},"mobile":{"background-color":"","background-image":"","background-repeat":"repeat","background-position":"center center","background-size":"auto","background-attachment":"scroll","background-type":"","background-media":"","overlay-type":"","overlay-color":"","overlay-opacity":"","overlay-gradient":""}},"ast-content-background-meta":{"desktop":{"background-color":"var(--ast-global-color-5)","background-image":"","background-repeat":"repeat","background-position":"center center","background-size":"auto","background-attachment":"scroll","background-type":"","background-media":"","overlay-type":"","overlay-color":"","overlay-opacity":"","overlay-gradient":""},"tablet":{"background-color":"var(--ast-global-color-5)","background-image":"","background-repeat":"repeat","background-position":"center center","background-size":"auto","background-attachment":"scroll","background-type":"","background-media":"","overlay-type":"","overlay-color":"","overlay-opacity":"","overlay-gradient":""},"mobile":{"background-color":"var(--ast-global-color-5)","background-image":"","background-repeat":"repeat","background-position":"center center","background-size":"auto","background-attachment":"scroll","background-type":"","background-media":"","overlay-type":"","overlay-color":"","overlay-opacity":"","overlay-gradient":""}},"footnotes":""},"class_list":["post-1786","page","type-page","status-publish","hentry"],"_links":{"self":[{"href":"https:\/\/www.obenauscommunity.org\/de\/wp-json\/wp\/v2\/pages\/1786","targetHints":{"allow":["GET"]}}],"collection":[{"href":"https:\/\/www.obenauscommunity.org\/de\/wp-json\/wp\/v2\/pages"}],"about":[{"href":"https:\/\/www.obenauscommunity.org\/de\/wp-json\/wp\/v2\/types\/page"}],"author":[{"embeddable":true,"href":"https:\/\/www.obenauscommunity.org\/de\/wp-json\/wp\/v2\/users\/6"}],"replies":[{"embeddable":true,"href":"https:\/\/www.obenauscommunity.org\/de\/wp-json\/wp\/v2\/comments?post=1786"}],"version-history":[{"count":4,"href":"https:\/\/www.obenauscommunity.org\/de\/wp-json\/wp\/v2\/pages\/1786\/revisions"}],"predecessor-version":[{"id":1816,"href":"https:\/\/www.obenauscommunity.org\/de\/wp-json\/wp\/v2\/pages\/1786\/revisions\/1816"}],"wp:attachment":[{"href":"https:\/\/www.obenauscommunity.org\/de\/wp-json\/wp\/v2\/media?parent=1786"}],"curies":[{"name":"wp","href":"https:\/\/api.w.org\/{rel}","templated":true}]}}