{"id":1784,"date":"2014-06-16T14:41:42","date_gmt":"2014-06-16T14:41:42","guid":{"rendered":"http:\/\/www.obenauscommunity.org\/?page_id=1784"},"modified":"2014-06-16T16:00:33","modified_gmt":"2014-06-16T16:00:33","slug":"18-19-august-engagement-fur-transformative-veranderungen","status":"publish","type":"page","link":"https:\/\/www.obenauscommunity.org\/de\/18-19-august-engagement-fur-transformative-veranderungen\/","title":{"rendered":"August:<br>Sich f\u00fcr einen transformativen Wandel einsetzen."},"content":{"rendered":"<div style=\"padding: 20px; background-color: #eefff2;\">\n<p><i>Vertiefen Sie Ihre Beratungskompetenz f\u00fcr nachhaltige Interventionen und Verbindungen.<\/i><\/p>\n<p>Lernen und \u00fcben Sie mit Rainer von Leoprechting die<b> Kunst der Beratung<\/b>:<\/p>\n<p>Wie Sie in wenigen Minuten mit Ihrem Kunden nachhaltige Ver\u00e4nderungen erreichen. Wie Sie \u201eWiderstand\u201c in eine Ressource verwandeln. Wie Sie schnelle Implementierungen gestalten. Wie Sie kleine oder gro\u00dfe Gruppenveranstaltungen leiten, damit die Teilnehmer die Transformation selbst gestalten und sich daf\u00fcr einsetzen. Rainer berichtet von seiner reichen Erfahrung als leitender Berater bei der Europ\u00e4ischen Kommission und bei vielen verschiedenen Initiativen und Unternehmen. Es handelt sich um einen zweit\u00e4gigen Workshop, gefolgt von einem Open Space Day mit Peer-Learning f\u00fcr Transformation, Ver\u00e4nderung, Organisation und F\u00fchrung.<\/p>\n<p>Der finanzielle Beitrag betr\u00e4gt 375\u20ac f\u00fcr den 2-t\u00e4gigen Workshop inkl. Snacks, Getr\u00e4nken und biologischem, gesundem Mittagessen. Als Teilnehmer des Workshops bist du am darauffolgenden Open Space Day unser Gast ohne Aufpreis. Du kannst mit learner-x-W\u00e4hrung statt Euro spenden. Details unter <a href=\"http:\/\/l.facebook.com\/l.php?u=http%3A%2F%2Fwww.learner-x.com%2F&amp;h=EAQFH4m2e&amp;enc=AZOisGrbUsGcHKhprbv4lnqtgpVbq7JbwLhDYPKGdr6aZs4zZIPrePeRCBvQ5zdVUoUlzif0aImQMcSzlWlzDECSt4kKSmQqm_jI1UQEY5WC2JTtRUum55zRZNO_NaBykVLrSr0TGUkeUyvt4ij81E236hb21Ttd42nUD_sFIDIiFw&amp;s=1\">www.learner-x.com.<\/a><\/p>\n<\/div>\n<div style=\"padding: 0px 20px;\">\n<a href=\"http:\/\/www.obenauscommunity.org\/de\/tag-der-offenen-tur\/\"><\/p>\n<h3>Gehen Sie zu: Tag der offenen T\u00fcr in Obenaus \u2013 August 2014<\/h3>\n<p><\/a>\n<\/div>","protected":false},"excerpt":{"rendered":"<p>Deepen your consulting skills for lasting interventions and connections. Learn and practice with Rainer von Leoprechting the art of consulting: How you engage with your client in a few minutes for lasting transformations. How you transform &#8216;resistance&#8217; into a resource. How you give shape to rapid implementations. How you lead small or big group events [&hellip;]<\/p>\n","protected":false},"author":6,"featured_media":0,"parent":0,"menu_order":0,"comment_status":"open","ping_status":"open","template":"","meta":{"site-sidebar-layout":"default","site-content-layout":"","ast-site-content-layout":"default","site-content-style":"default","site-sidebar-style":"default","ast-global-header-display":"","ast-banner-title-visibility":"","ast-main-header-display":"","ast-hfb-above-header-display":"","ast-hfb-below-header-display":"","ast-hfb-mobile-header-display":"","site-post-title":"","ast-breadcrumbs-content":"","ast-featured-img":"","footer-sml-layout":"","theme-transparent-header-meta":"","adv-header-id-meta":"","stick-header-meta":"","header-above-stick-meta":"","header-main-stick-meta":"","header-below-stick-meta":"","astra-migrate-meta-layouts":"default","ast-page-background-enabled":"default","ast-page-background-meta":{"desktop":{"background-color":"","background-image":"","background-repeat":"repeat","background-position":"center center","background-size":"auto","background-attachment":"scroll","background-type":"","background-media":"","overlay-type":"","overlay-color":"","overlay-opacity":"","overlay-gradient":""},"tablet":{"background-color":"","background-image":"","background-repeat":"repeat","background-position":"center center","background-size":"auto","background-attachment":"scroll","background-type":"","background-media":"","overlay-type":"","overlay-color":"","overlay-opacity":"","overlay-gradient":""},"mobile":{"background-color":"","background-image":"","background-repeat":"repeat","background-position":"center center","background-size":"auto","background-attachment":"scroll","background-type":"","background-media":"","overlay-type":"","overlay-color":"","overlay-opacity":"","overlay-gradient":""}},"ast-content-background-meta":{"desktop":{"background-color":"var(--ast-global-color-5)","background-image":"","background-repeat":"repeat","background-position":"center center","background-size":"auto","background-attachment":"scroll","background-type":"","background-media":"","overlay-type":"","overlay-color":"","overlay-opacity":"","overlay-gradient":""},"tablet":{"background-color":"var(--ast-global-color-5)","background-image":"","background-repeat":"repeat","background-position":"center center","background-size":"auto","background-attachment":"scroll","background-type":"","background-media":"","overlay-type":"","overlay-color":"","overlay-opacity":"","overlay-gradient":""},"mobile":{"background-color":"var(--ast-global-color-5)","background-image":"","background-repeat":"repeat","background-position":"center center","background-size":"auto","background-attachment":"scroll","background-type":"","background-media":"","overlay-type":"","overlay-color":"","overlay-opacity":"","overlay-gradient":""}},"footnotes":""},"class_list":["post-1784","page","type-page","status-publish","hentry"],"_links":{"self":[{"href":"https:\/\/www.obenauscommunity.org\/de\/wp-json\/wp\/v2\/pages\/1784","targetHints":{"allow":["GET"]}}],"collection":[{"href":"https:\/\/www.obenauscommunity.org\/de\/wp-json\/wp\/v2\/pages"}],"about":[{"href":"https:\/\/www.obenauscommunity.org\/de\/wp-json\/wp\/v2\/types\/page"}],"author":[{"embeddable":true,"href":"https:\/\/www.obenauscommunity.org\/de\/wp-json\/wp\/v2\/users\/6"}],"replies":[{"embeddable":true,"href":"https:\/\/www.obenauscommunity.org\/de\/wp-json\/wp\/v2\/comments?post=1784"}],"version-history":[{"count":4,"href":"https:\/\/www.obenauscommunity.org\/de\/wp-json\/wp\/v2\/pages\/1784\/revisions"}],"predecessor-version":[{"id":1815,"href":"https:\/\/www.obenauscommunity.org\/de\/wp-json\/wp\/v2\/pages\/1784\/revisions\/1815"}],"wp:attachment":[{"href":"https:\/\/www.obenauscommunity.org\/de\/wp-json\/wp\/v2\/media?parent=1784"}],"curies":[{"name":"wp","href":"https:\/\/api.w.org\/{rel}","templated":true}]}}