{"id":1782,"date":"2014-06-16T14:40:53","date_gmt":"2014-06-16T14:40:53","guid":{"rendered":"http:\/\/www.obenauscommunity.org\/?page_id=1782"},"modified":"2019-04-18T09:32:27","modified_gmt":"2019-04-18T09:32:27","slug":"gestaltung-von-obenaus","status":"publish","type":"page","link":"https:\/\/www.obenauscommunity.org\/de\/gestaltung-von-obenaus\/","title":{"rendered":"12.-17. August:<br>Gestalten f\u00fcr und bei Obenaus"},"content":{"rendered":"<div style=\"padding: 20px; background-color: #eef5ff;\">\n<p>Ganzheitliche Gestaltung eines Ortes f\u00fcr und mit einer Gemeinschaft mit <b><i>Gaja Me\u017enari\u010d Osole und Lise Hovesen. <\/i><\/b><\/p>\n<p>Siehe spezielle Website <a href=\"http:\/\/obenaus.tumblr.com\/\" target=\"_blank\" rel=\"noopener noreferrer\">\u201eEntwerfen f\u00fcr und bei Obenaus\u201c \u2013 http:\/\/obenaus.tumblr.com\/<br \/><\/a><\/p>\n<p>F\u00fcr Designer, Architekten, Tr\u00e4umer, Manager, Jungunternehmer, Marketingleute, Internet-Nerds, Rentner, Poeten und alle, die gerne aus Vielfalt etwas Neues schaffen.<\/p>\n<p>Willkommen hier, um Obenaus als Gemeinschaft zu erleben und aktiv mitzugestalten. Lernen und \u00fcben Sie ganzheitliches Design in Raum und Form; Gesch\u00e4ftsmodellierung, Kommunikation des Neuen und Paradigmenwechsel, Formen und Regeln des Zusammenlebens, Leben und Arbeiten auf dem Land. Alle vier Dimensionen werden gleichzeitig entwickelt mit dem Einsatz von <b>Design Thinking und die Kunst des Hostings. <\/b><\/p>\n<p>Eine Teilnahme f\u00fcr einen Halb- oder Ganztag sowie f\u00fcr die gesamte Designwoche ist m\u00f6glich.<br \/>Tagesbeitrag: 25 \u20ac inkl. Verpflegung (Mittagessen).<br \/>F\u00fcr die ganze Woche (6 Tage): 100 \u20ac.<\/p>\n<\/div>\n<div style=\"padding: 0px 20px;\">\n<h3>Gehe zu: <a title=\"Tag der offenen T\u00fcr in Obenaus, August 2014\" href=\"http:\/\/www.obenauscommunity.org\/de\/tag-der-offenen-tur\/\" target=\"_blank\" rel=\"noopener noreferrer\">Tag der offenen T\u00fcr in Obenaus \u2013 August 2014<\/a><\/h3>\n<\/div>","protected":false},"excerpt":{"rendered":"<p>Holistic design of a place for and with a Community with Gaja Me\u017enari\u010d Osole and\u00a0Lise Hovesen. See special website &#8220;Designing for and at Obenaus&#8221; &#8211; http:\/\/obenaus.tumblr.com\/ For designers, architects, dreamers, managers, young entrepreneurs, marketing people, Internet nerds, pensioners, poets, and everyone, who likes to create something new out of diversity. Welcome here to experience Obenaus [&hellip;]<\/p>\n","protected":false},"author":6,"featured_media":0,"parent":0,"menu_order":0,"comment_status":"open","ping_status":"open","template":"","meta":{"site-sidebar-layout":"default","site-content-layout":"","ast-site-content-layout":"default","site-content-style":"default","site-sidebar-style":"default","ast-global-header-display":"","ast-banner-title-visibility":"","ast-main-header-display":"","ast-hfb-above-header-display":"","ast-hfb-below-header-display":"","ast-hfb-mobile-header-display":"","site-post-title":"","ast-breadcrumbs-content":"","ast-featured-img":"","footer-sml-layout":"","theme-transparent-header-meta":"","adv-header-id-meta":"","stick-header-meta":"","header-above-stick-meta":"","header-main-stick-meta":"","header-below-stick-meta":"","astra-migrate-meta-layouts":"default","ast-page-background-enabled":"default","ast-page-background-meta":{"desktop":{"background-color":"","background-image":"","background-repeat":"repeat","background-position":"center center","background-size":"auto","background-attachment":"scroll","background-type":"","background-media":"","overlay-type":"","overlay-color":"","overlay-opacity":"","overlay-gradient":""},"tablet":{"background-color":"","background-image":"","background-repeat":"repeat","background-position":"center center","background-size":"auto","background-attachment":"scroll","background-type":"","background-media":"","overlay-type":"","overlay-color":"","overlay-opacity":"","overlay-gradient":""},"mobile":{"background-color":"","background-image":"","background-repeat":"repeat","background-position":"center center","background-size":"auto","background-attachment":"scroll","background-type":"","background-media":"","overlay-type":"","overlay-color":"","overlay-opacity":"","overlay-gradient":""}},"ast-content-background-meta":{"desktop":{"background-color":"var(--ast-global-color-5)","background-image":"","background-repeat":"repeat","background-position":"center center","background-size":"auto","background-attachment":"scroll","background-type":"","background-media":"","overlay-type":"","overlay-color":"","overlay-opacity":"","overlay-gradient":""},"tablet":{"background-color":"var(--ast-global-color-5)","background-image":"","background-repeat":"repeat","background-position":"center center","background-size":"auto","background-attachment":"scroll","background-type":"","background-media":"","overlay-type":"","overlay-color":"","overlay-opacity":"","overlay-gradient":""},"mobile":{"background-color":"var(--ast-global-color-5)","background-image":"","background-repeat":"repeat","background-position":"center center","background-size":"auto","background-attachment":"scroll","background-type":"","background-media":"","overlay-type":"","overlay-color":"","overlay-opacity":"","overlay-gradient":""}},"footnotes":""},"class_list":["post-1782","page","type-page","status-publish","hentry"],"_links":{"self":[{"href":"https:\/\/www.obenauscommunity.org\/de\/wp-json\/wp\/v2\/pages\/1782","targetHints":{"allow":["GET"]}}],"collection":[{"href":"https:\/\/www.obenauscommunity.org\/de\/wp-json\/wp\/v2\/pages"}],"about":[{"href":"https:\/\/www.obenauscommunity.org\/de\/wp-json\/wp\/v2\/types\/page"}],"author":[{"embeddable":true,"href":"https:\/\/www.obenauscommunity.org\/de\/wp-json\/wp\/v2\/users\/6"}],"replies":[{"embeddable":true,"href":"https:\/\/www.obenauscommunity.org\/de\/wp-json\/wp\/v2\/comments?post=1782"}],"version-history":[{"count":10,"href":"https:\/\/www.obenauscommunity.org\/de\/wp-json\/wp\/v2\/pages\/1782\/revisions"}],"predecessor-version":[{"id":3883,"href":"https:\/\/www.obenauscommunity.org\/de\/wp-json\/wp\/v2\/pages\/1782\/revisions\/3883"}],"wp:attachment":[{"href":"https:\/\/www.obenauscommunity.org\/de\/wp-json\/wp\/v2\/media?parent=1782"}],"curies":[{"name":"wp","href":"https:\/\/api.w.org\/{rel}","templated":true}]}}