{"id":1776,"date":"2014-06-16T14:32:23","date_gmt":"2014-06-16T14:32:23","guid":{"rendered":"http:\/\/www.obenauscommunity.org\/?page_id=1776"},"modified":"2014-06-16T16:01:08","modified_gmt":"2014-06-16T16:01:08","slug":"7-10-august-ausstellungen-in-der-scheune","status":"publish","type":"page","link":"https:\/\/www.obenauscommunity.org\/de\/7-10-august-ausstellungen-in-der-scheune\/","title":{"rendered":"7.-10. August:<br>Systemische Konstellationen im Obenaus-Stall"},"content":{"rendered":"<div style=\"padding: 20px; background-color: #ffeef2; \">\n<p>Herzlich willkommen zu unserem offenen systemischen Aufstellungsseminar in der S\u00fcdsteiermark. Lena Jacobsson und Rainer von Leoprechting sind Gastgeber und Moderatoren im Stil und Geist der Aufstellungsgemeinschaft. Wir besch\u00e4ftigen uns hier mit den unterschiedlichsten Teilnehmern und Themen. Wir sind bereit, verschiedene Systeme in ihren Kombinationen zu sehen. <\/p>\n<p>Du kannst vorbeikommen <b>Vertiefen Sie Ihr Hosting<\/b> in einem Sternbildkreis bzw <b>Bringen Sie Ihre eigenen komplexen Probleme mit<\/b> um ihre L\u00f6sungen zu finden. Das Thema Ihrer pers\u00f6nlichen Aufstellung k\u00f6nnen Themen sein <b>von den sehr intimen bis zu den sehr gro\u00dfen Systemen<\/b>. <\/p>\n<p>Sie k\u00f6nnen auf die flexibelste Art und Weise an diesem Workshop teilnehmen.<br \/>Der Teilnahmebeitrag f\u00fcr einen halben Tag betr\u00e4gt 40 \u20ac,<br \/>ein ganzer Tag 70 \u20ac,<br \/>alle vier Tage 250 \u20ac,<br \/>Mittagessen und Snacks inklusive.<\/p>\n<\/div>\n<div style=\"padding: 0px 20px;\">\n<a href=\"http:\/\/www.obenauscommunity.org\/de\/tag-der-offenen-tur\/\"><\/p>\n<h3>Gehen Sie zu: Tag der offenen T\u00fcr in Obenaus \u2013 August 2014<\/h3>\n<p><\/a>\n<\/div>","protected":false},"excerpt":{"rendered":"<p>Welcome to our open systemic constellation seminar in South Styria. Lena Jacobsson and Rainer von Leoprechting are hosts and facilitators in constellation community style and spirit. We deal here with the most diverse participants and topics. We are ready to see different systems in their combinations. You can come to deepen your hosting in a [&hellip;]<\/p>\n","protected":false},"author":6,"featured_media":0,"parent":0,"menu_order":0,"comment_status":"open","ping_status":"open","template":"","meta":{"site-sidebar-layout":"default","site-content-layout":"","ast-site-content-layout":"default","site-content-style":"default","site-sidebar-style":"default","ast-global-header-display":"","ast-banner-title-visibility":"","ast-main-header-display":"","ast-hfb-above-header-display":"","ast-hfb-below-header-display":"","ast-hfb-mobile-header-display":"","site-post-title":"","ast-breadcrumbs-content":"","ast-featured-img":"","footer-sml-layout":"","theme-transparent-header-meta":"","adv-header-id-meta":"","stick-header-meta":"","header-above-stick-meta":"","header-main-stick-meta":"","header-below-stick-meta":"","astra-migrate-meta-layouts":"default","ast-page-background-enabled":"default","ast-page-background-meta":{"desktop":{"background-color":"","background-image":"","background-repeat":"repeat","background-position":"center center","background-size":"auto","background-attachment":"scroll","background-type":"","background-media":"","overlay-type":"","overlay-color":"","overlay-opacity":"","overlay-gradient":""},"tablet":{"background-color":"","background-image":"","background-repeat":"repeat","background-position":"center center","background-size":"auto","background-attachment":"scroll","background-type":"","background-media":"","overlay-type":"","overlay-color":"","overlay-opacity":"","overlay-gradient":""},"mobile":{"background-color":"","background-image":"","background-repeat":"repeat","background-position":"center center","background-size":"auto","background-attachment":"scroll","background-type":"","background-media":"","overlay-type":"","overlay-color":"","overlay-opacity":"","overlay-gradient":""}},"ast-content-background-meta":{"desktop":{"background-color":"var(--ast-global-color-5)","background-image":"","background-repeat":"repeat","background-position":"center center","background-size":"auto","background-attachment":"scroll","background-type":"","background-media":"","overlay-type":"","overlay-color":"","overlay-opacity":"","overlay-gradient":""},"tablet":{"background-color":"var(--ast-global-color-5)","background-image":"","background-repeat":"repeat","background-position":"center center","background-size":"auto","background-attachment":"scroll","background-type":"","background-media":"","overlay-type":"","overlay-color":"","overlay-opacity":"","overlay-gradient":""},"mobile":{"background-color":"var(--ast-global-color-5)","background-image":"","background-repeat":"repeat","background-position":"center center","background-size":"auto","background-attachment":"scroll","background-type":"","background-media":"","overlay-type":"","overlay-color":"","overlay-opacity":"","overlay-gradient":""}},"footnotes":""},"class_list":["post-1776","page","type-page","status-publish","hentry"],"_links":{"self":[{"href":"https:\/\/www.obenauscommunity.org\/de\/wp-json\/wp\/v2\/pages\/1776","targetHints":{"allow":["GET"]}}],"collection":[{"href":"https:\/\/www.obenauscommunity.org\/de\/wp-json\/wp\/v2\/pages"}],"about":[{"href":"https:\/\/www.obenauscommunity.org\/de\/wp-json\/wp\/v2\/types\/page"}],"author":[{"embeddable":true,"href":"https:\/\/www.obenauscommunity.org\/de\/wp-json\/wp\/v2\/users\/6"}],"replies":[{"embeddable":true,"href":"https:\/\/www.obenauscommunity.org\/de\/wp-json\/wp\/v2\/comments?post=1776"}],"version-history":[{"count":8,"href":"https:\/\/www.obenauscommunity.org\/de\/wp-json\/wp\/v2\/pages\/1776\/revisions"}],"predecessor-version":[{"id":1818,"href":"https:\/\/www.obenauscommunity.org\/de\/wp-json\/wp\/v2\/pages\/1776\/revisions\/1818"}],"wp:attachment":[{"href":"https:\/\/www.obenauscommunity.org\/de\/wp-json\/wp\/v2\/media?parent=1776"}],"curies":[{"name":"wp","href":"https:\/\/api.w.org\/{rel}","templated":true}]}}