{"id":1130,"date":"2014-05-14T08:30:33","date_gmt":"2014-05-14T08:30:33","guid":{"rendered":"http:\/\/www.obenauscommunity.org\/at\/?page_id=1130"},"modified":"2014-06-13T00:21:11","modified_gmt":"2014-06-13T00:21:11","slug":"seminare-offene-workshops","status":"publish","type":"page","link":"https:\/\/www.obenauscommunity.org\/de\/seminare-offene-workshops\/","title":{"rendered":"Seminare \u2013 Offene Workshops"},"content":{"rendered":"<div class=\"colsmall mocoe\">\n<div class=\"insmall moco\" style=\"margin-top: 0px;\"><img decoding=\"async\" class=\"col moco\" src=\"http:\/\/www.obenauscommunity.org\/wp-content\/uploads\/IMG_3013.jpg\" alt=\"\" \/><\/div>\n<\/div>\n<h2>Offene Aufstellungsworkshops<\/h2>\n<p>Die offenen Workshops richten sich samstags oder sonntags an alle, die systemische Arbeit f\u00fcr sich oder ihre Arbeit erforschen m\u00f6chten. Sie sind f\u00fcr Modulteilnehmer in den Modulen enthalten. Der Hauptzweck besteht darin, Aufstellungen zum vorgegebenen Seminarthema zu \u00fcben.<\/p>\n<ul>\n<li>Geb\u00fchren: Teilnahme f\u00fcr einen Tag: 70 \u20ac.<\/li>\n<\/ul>\n<p>Teilnehmer als Klienten (Ihre Frage oder Ihr Anliegen wird zum Mittelpunkt einer Aufstellung oder Intervention): F\u00fcr Ihren pers\u00f6nlichen Betreuer wird um eine Spende gebeten.<\/p>\n<p>Bitte melden Sie sich per an <a href=\"mailto:team@constellationcommunity.org\" target=\"_blank\">Email<\/a>.<\/p>\n<h2>Die Moderationstrainingsseminare<\/h2>\n<ul>\n<li>N\u00e4chste Termine: 11.-14. April und 30. Mai bis 2. Juni 2014 in Br\u00fcssel<\/li>\n<\/ul>\n<p>Wir bieten verschiedene Module mit unterschiedlichen Themen an. Sie erhalten ein Zertifikat als Constellation Community Practitioner, nachdem Sie f\u00fcnf solcher Module in beliebiger Reihenfolge abgeschlossen haben.<\/p>\n<p>Jedes Modul ist ein vollst\u00e4ndiges Seminar f\u00fcr sich. Es pr\u00e4sentiert ein spezifisches Thema mit Theorie, \u00dcbungen und Demo-Sessions. Das Modul beinhaltet immer einen offenen Workshop am Wochenende, zu dem Kunden eingeladen werden und weitere Teilnehmer aus der Aufstellungsgemeinschaft zusammenkommen und gemeinsam an dem vorgegebenen Thema \u00fcben. Der Montag ist der Abschlusstag, an dem die Arbeit der vergangenen Tage zu Fragen und Antworten anregt.<\/p>\n<p>Sie k\u00f6nnen sich ganz einfach per E-Mail anmelden! Mit Eingang der Zahlung ist Ihre Teilnahme best\u00e4tigt.<\/p>\n<h3>Geb\u00fchren:<\/h3>\n<ul>\n<li>700,00 \u20ac pro Seminar von vier Tagen in Br\u00fcssel.<\/li>\n<li>3.000,00 \u20ac f\u00fcr ein F\u00fcnferpaket (beliebiger Veranstaltungsort).<\/li>\n<\/ul>\n<p>In einem Zyklus von 4 Tagen werden Sie eingeladen, mindestens einmal Kunde zu werden und mindestens eine Workshop-\u00e4hnliche Gro\u00dfaufstellung mit Supervision und Feedback zu moderieren.<\/p>\n<h3>Rabatte<\/h3>\n<ul>\n<li>Beim Abonnieren von f\u00fcnf Seminaren im Paket erhalten Sie eine Erm\u00e4\u00dfigung. Sie k\u00f6nnen Ihre Termine im Rahmen des auf dieser Website angek\u00fcndigten Programms anpassen.<\/li>\n<li>Wenn Sie einen Freund (oder mehrere) mitbringen, gew\u00e4hren wir Ihnen einen Rabatt von 10% auf dessen Geb\u00fchren.<\/li>\n<li>Wenn Sie Teil der sind <a href=\"http:\/\/www.learner-x.com\/\" target=\"_blank\">Austauschgemeinschaft f\u00fcr Lernende<\/a>k\u00f6nnen Sie einen Gro\u00dfteil der Geb\u00fchren in Lernw\u00e4hrung bezahlen.<\/li>\n<\/ul>\n<h3>Erfahrene Praktiker<\/h3>\n<p>Wir laden erfahrene Praktiker ein, sich mit Ihrer Erfahrung der Gemeinschaft anzuschlie\u00dfen. Wenn Sie mit einigen Ihrer Kunden kommen oder im Rahmen dieses Programms ein spezielles Lernseminar organisieren oder eines der Themen vertiefen m\u00f6chten, wenden Sie sich bitte an uns <a href=\"mailto:seminars@constellationcommunity.org\">Schreib uns<\/a> und lassen Sie uns gemeinsam Ihr Community-Gesch\u00e4ft aufbauen.<\/p>","protected":false},"excerpt":{"rendered":"<p>Open constellation workshops The open workshops are on Saturdays or Sundays for anyone who wants to explore systemic work for oneself or one\u2019s work. They are included in the modules for module participants. The main purpose is to practice constellations on the given theme of the seminar. Fees: Participation for one day: 70 \u20ac. Participants [&hellip;]<\/p>\n","protected":false},"author":6,"featured_media":0,"parent":0,"menu_order":0,"comment_status":"open","ping_status":"open","template":"","meta":{"site-sidebar-layout":"default","site-content-layout":"","ast-site-content-layout":"default","site-content-style":"default","site-sidebar-style":"default","ast-global-header-display":"","ast-banner-title-visibility":"","ast-main-header-display":"","ast-hfb-above-header-display":"","ast-hfb-below-header-display":"","ast-hfb-mobile-header-display":"","site-post-title":"","ast-breadcrumbs-content":"","ast-featured-img":"","footer-sml-layout":"","theme-transparent-header-meta":"","adv-header-id-meta":"","stick-header-meta":"","header-above-stick-meta":"","header-main-stick-meta":"","header-below-stick-meta":"","astra-migrate-meta-layouts":"default","ast-page-background-enabled":"default","ast-page-background-meta":{"desktop":{"background-color":"","background-image":"","background-repeat":"repeat","background-position":"center center","background-size":"auto","background-attachment":"scroll","background-type":"","background-media":"","overlay-type":"","overlay-color":"","overlay-opacity":"","overlay-gradient":""},"tablet":{"background-color":"","background-image":"","background-repeat":"repeat","background-position":"center center","background-size":"auto","background-attachment":"scroll","background-type":"","background-media":"","overlay-type":"","overlay-color":"","overlay-opacity":"","overlay-gradient":""},"mobile":{"background-color":"","background-image":"","background-repeat":"repeat","background-position":"center center","background-size":"auto","background-attachment":"scroll","background-type":"","background-media":"","overlay-type":"","overlay-color":"","overlay-opacity":"","overlay-gradient":""}},"ast-content-background-meta":{"desktop":{"background-color":"var(--ast-global-color-5)","background-image":"","background-repeat":"repeat","background-position":"center center","background-size":"auto","background-attachment":"scroll","background-type":"","background-media":"","overlay-type":"","overlay-color":"","overlay-opacity":"","overlay-gradient":""},"tablet":{"background-color":"var(--ast-global-color-5)","background-image":"","background-repeat":"repeat","background-position":"center center","background-size":"auto","background-attachment":"scroll","background-type":"","background-media":"","overlay-type":"","overlay-color":"","overlay-opacity":"","overlay-gradient":""},"mobile":{"background-color":"var(--ast-global-color-5)","background-image":"","background-repeat":"repeat","background-position":"center center","background-size":"auto","background-attachment":"scroll","background-type":"","background-media":"","overlay-type":"","overlay-color":"","overlay-opacity":"","overlay-gradient":""}},"footnotes":""},"class_list":["post-1130","page","type-page","status-publish","hentry"],"_links":{"self":[{"href":"https:\/\/www.obenauscommunity.org\/de\/wp-json\/wp\/v2\/pages\/1130","targetHints":{"allow":["GET"]}}],"collection":[{"href":"https:\/\/www.obenauscommunity.org\/de\/wp-json\/wp\/v2\/pages"}],"about":[{"href":"https:\/\/www.obenauscommunity.org\/de\/wp-json\/wp\/v2\/types\/page"}],"author":[{"embeddable":true,"href":"https:\/\/www.obenauscommunity.org\/de\/wp-json\/wp\/v2\/users\/6"}],"replies":[{"embeddable":true,"href":"https:\/\/www.obenauscommunity.org\/de\/wp-json\/wp\/v2\/comments?post=1130"}],"version-history":[{"count":17,"href":"https:\/\/www.obenauscommunity.org\/de\/wp-json\/wp\/v2\/pages\/1130\/revisions"}],"predecessor-version":[{"id":1672,"href":"https:\/\/www.obenauscommunity.org\/de\/wp-json\/wp\/v2\/pages\/1130\/revisions\/1672"}],"wp:attachment":[{"href":"https:\/\/www.obenauscommunity.org\/de\/wp-json\/wp\/v2\/media?parent=1130"}],"curies":[{"name":"wp","href":"https:\/\/api.w.org\/{rel}","templated":true}]}}