{"id":1125,"date":"2014-05-14T08:13:22","date_gmt":"2014-05-14T08:13:22","guid":{"rendered":"http:\/\/www.obenauscommunity.org\/at\/?page_id=1125"},"modified":"2015-01-15T19:14:26","modified_gmt":"2015-01-15T19:14:26","slug":"rainer-v-leoprechting","status":"publish","type":"page","link":"https:\/\/www.obenauscommunity.org\/de\/rainer-v-leoprechting\/","title":{"rendered":"Rainer v. Leoprechting"},"content":{"rendered":"<div class=\"coltext\" style=\"font-size: medium;\">\n<div class=\"colright moco\">\n<div class=\"inright moco\">\n<div class=\"colsmall mocoe\">\n<div class=\"insmall moco\" style=\"margin-top: 0px;\">\n       <img decoding=\"async\" src=\"http:\/\/www.obenauscommunity.org\/wp-content\/uploads\/welcome.jpg\" class=\"col moco\" alt=\"A\"  style=\"display: none;\"\/>\n     <\/div>\n<\/p>\n<\/div>\n<div style=\"margin: 0px 14px;\">\n<p>Ich bin zwischen den Reben der Mosel geboren.<\/p>\n<p>Als Junge liebte ich es zu lesen und bei den Pfadfindern zu sein. Als ich \u00e4lter wurde, engagierte ich mich immer mehr in der Pfadfinderbewegung, die mich in verschiedene Regionen Europas f\u00fchrte. Mir gefiel die Art und Weise, wie sich die Pfadfinder selbst organisierten, und sp\u00e4ter in meiner Karriere, in der ich mich mit der Organisationsentwicklung besch\u00e4ftigte, blieb dies eine Inspiration. Ebenso wie ein l\u00e4ngerer Aufenthalt in den Pyren\u00e4en, wo ich wirklich Franz\u00f6sisch gelernt habe.\n<\/p>\n<p>\nSp\u00e4ter entdeckte ich in Jean Monnet, dem Gr\u00fcnder der Europ\u00e4ischen Gemeinschaften, einen Gleichgesinnten und begann f\u00fcr die Europ\u00e4ische Kommission zu arbeiten.<br \/>\nIch habe viele Probleme in den Bereichen Budgetierung, Strategieentwicklung, Personalwesen und Karriereprozesse gekl\u00e4rt. Ich habe ein Team aus internen Beratern zusammengestellt, das Menschen innerhalb und au\u00dferhalb der europ\u00e4ischen Institutionen in wirklich wichtige Gespr\u00e4che einbezog und zu sinnvollen Ma\u00dfnahmen f\u00fchrte. Dies erwies sich als Erfolg und dauert noch immer an.\n<\/p>\n<p>\nNach fast 20 Jahren in Br\u00fcssel sp\u00fcrte ich jedoch die Grenzen einer Anstellung im \u00f6ffentlichen Sektor und beschloss, ein unabh\u00e4ngiger Berater und Unternehmer mit Sitz in einer nat\u00fcrlicheren Umgebung zu werden. Zu diesem Zeitpunkt beschlossen wir, den Bauernhof Obenaus in \u00d6sterreich zu kaufen. Heute arbeite ich von Obenaus aus und auf der ganzen Welt mit vielen verschiedenen Menschen zusammen. Die danach streben, in ihrer Umgebung etwas Manierendes zu bewegen und zu entwickeln; in einer politischen Situation, einer Organisation, einer Institution, einer Familie oder in sich selbst.\n<\/p>\n<p>\nUnser Ziel ist es, aus Obenaus mehr als nur einen gesunden Ferienort zu machen \u2013 einen Ort, an dem Menschen lernen, sich ausruhen, arbeiten, sich mit der Natur verbinden, spielen, schreiben, zusammen sein und innovative Ideen entwickeln k\u00f6nnen.<br \/>\nVielleicht bist du einer von ihnen? Willkommen!<\/p>\n<p>E-Mail: <a href=\"mailto:rainer@obenauscommunity.org\">rainer@obenauscommunity.org<\/a><\/p>\n<\/div>\n<p style=\"float: right;\">Mehr \u00fcber Lena erfahren Sie hier:<br \/>\n<a title=\"Lena Maria Jacobsson\" href=\"http:\/\/www.obenauscommunity.org\/de\/lena-maria-jacobsson\/?profile=forest\">Lena Maria Jacobsson<\/a><\/p>\n<\/div>\n<\/div>\n<div class=\"colleft moco\">\n<div class=\"inleft moco\">\n<p><a data-spotlight=\"effect:fade;\"  data-lightbox=\"width:800;height:533;\" href=\"http:\/\/www.obenauscommunity.org\/wp-content\/uploads\/Rainer-v.-Leoprechting.jpg\"><img decoding=\"async\" class=\"col moco\" src=\"http:\/\/www.obenauscommunity.org\/wp-content\/uploads\/Rainer-v.-Leoprechting.png\" alt=\"\" \/><\/p>\n<div class=\"overlay\"><\/div>\n<p><\/a><\/p>\n<\/div>\n<\/div>\n<\/div>","protected":false},"excerpt":{"rendered":"<p>I am born between the vines of the Mosel river. As a boy I loved to read and be with the scouts. When I grew up I got more and more involved with the scouting movement which took me to different regions in Europe. I loved the way that the scouts self-organised and later in [&hellip;]<\/p>\n","protected":false},"author":6,"featured_media":0,"parent":0,"menu_order":0,"comment_status":"open","ping_status":"open","template":"","meta":{"site-sidebar-layout":"default","site-content-layout":"","ast-site-content-layout":"default","site-content-style":"default","site-sidebar-style":"default","ast-global-header-display":"","ast-banner-title-visibility":"","ast-main-header-display":"","ast-hfb-above-header-display":"","ast-hfb-below-header-display":"","ast-hfb-mobile-header-display":"","site-post-title":"","ast-breadcrumbs-content":"","ast-featured-img":"","footer-sml-layout":"","theme-transparent-header-meta":"","adv-header-id-meta":"","stick-header-meta":"","header-above-stick-meta":"","header-main-stick-meta":"","header-below-stick-meta":"","astra-migrate-meta-layouts":"default","ast-page-background-enabled":"default","ast-page-background-meta":{"desktop":{"background-color":"","background-image":"","background-repeat":"repeat","background-position":"center center","background-size":"auto","background-attachment":"scroll","background-type":"","background-media":"","overlay-type":"","overlay-color":"","overlay-opacity":"","overlay-gradient":""},"tablet":{"background-color":"","background-image":"","background-repeat":"repeat","background-position":"center center","background-size":"auto","background-attachment":"scroll","background-type":"","background-media":"","overlay-type":"","overlay-color":"","overlay-opacity":"","overlay-gradient":""},"mobile":{"background-color":"","background-image":"","background-repeat":"repeat","background-position":"center center","background-size":"auto","background-attachment":"scroll","background-type":"","background-media":"","overlay-type":"","overlay-color":"","overlay-opacity":"","overlay-gradient":""}},"ast-content-background-meta":{"desktop":{"background-color":"var(--ast-global-color-5)","background-image":"","background-repeat":"repeat","background-position":"center center","background-size":"auto","background-attachment":"scroll","background-type":"","background-media":"","overlay-type":"","overlay-color":"","overlay-opacity":"","overlay-gradient":""},"tablet":{"background-color":"var(--ast-global-color-5)","background-image":"","background-repeat":"repeat","background-position":"center center","background-size":"auto","background-attachment":"scroll","background-type":"","background-media":"","overlay-type":"","overlay-color":"","overlay-opacity":"","overlay-gradient":""},"mobile":{"background-color":"var(--ast-global-color-5)","background-image":"","background-repeat":"repeat","background-position":"center center","background-size":"auto","background-attachment":"scroll","background-type":"","background-media":"","overlay-type":"","overlay-color":"","overlay-opacity":"","overlay-gradient":""}},"footnotes":""},"class_list":["post-1125","page","type-page","status-publish","hentry"],"_links":{"self":[{"href":"https:\/\/www.obenauscommunity.org\/de\/wp-json\/wp\/v2\/pages\/1125","targetHints":{"allow":["GET"]}}],"collection":[{"href":"https:\/\/www.obenauscommunity.org\/de\/wp-json\/wp\/v2\/pages"}],"about":[{"href":"https:\/\/www.obenauscommunity.org\/de\/wp-json\/wp\/v2\/types\/page"}],"author":[{"embeddable":true,"href":"https:\/\/www.obenauscommunity.org\/de\/wp-json\/wp\/v2\/users\/6"}],"replies":[{"embeddable":true,"href":"https:\/\/www.obenauscommunity.org\/de\/wp-json\/wp\/v2\/comments?post=1125"}],"version-history":[{"count":16,"href":"https:\/\/www.obenauscommunity.org\/de\/wp-json\/wp\/v2\/pages\/1125\/revisions"}],"predecessor-version":[{"id":2261,"href":"https:\/\/www.obenauscommunity.org\/de\/wp-json\/wp\/v2\/pages\/1125\/revisions\/2261"}],"wp:attachment":[{"href":"https:\/\/www.obenauscommunity.org\/de\/wp-json\/wp\/v2\/media?parent=1125"}],"curies":[{"name":"wp","href":"https:\/\/api.w.org\/{rel}","templated":true}]}}