{"id":10036,"date":"2025-05-02T15:06:25","date_gmt":"2025-05-02T15:06:25","guid":{"rendered":"https:\/\/www.obenauscommunity.org\/?page_id=10036"},"modified":"2025-05-02T19:15:01","modified_gmt":"2025-05-02T19:15:01","slug":"besuchen-oder-zusammenarbeiten","status":"publish","type":"page","link":"https:\/\/www.obenauscommunity.org\/de\/besuchen-oder-zusammenarbeiten\/","title":{"rendered":"Besuchen oder zusammenarbeiten"},"content":{"rendered":"<div data-elementor-type=\"wp-page\" data-elementor-id=\"10036\" class=\"elementor elementor-10036\">\n\t\t\t\t<div class=\"elementor-element elementor-element-dc86101 e-flex e-con-boxed e-con e-parent\" data-id=\"dc86101\" data-element_type=\"container\">\n\t\t\t\t\t<div class=\"e-con-inner\">\n\t\t\t\t<div class=\"elementor-element elementor-element-1419662 elementor-widget elementor-widget-heading\" data-id=\"1419662\" data-element_type=\"widget\" data-widget_type=\"heading.default\">\n\t\t\t\t<div class=\"elementor-widget-container\">\n\t\t\t\t\t<h2 class=\"elementor-heading-title elementor-size-default\">Besuchen oder zusammenarbeiten \u2013 Erwecken Sie Ihre Arbeit oder Neugier zum Leben<\/h2>\t\t\t\t<\/div>\n\t\t\t\t<\/div>\n\t\t\t\t\t<\/div>\n\t\t\t\t<\/div>\n\t\t<div class=\"elementor-element elementor-element-4bc421d e-flex e-con-boxed e-con e-parent\" data-id=\"4bc421d\" data-element_type=\"container\">\n\t\t\t\t\t<div class=\"e-con-inner\">\n\t\t\t\t<div class=\"elementor-element elementor-element-c0fede7 elementor-widget elementor-widget-text-editor\" data-id=\"c0fede7\" data-element_type=\"widget\" data-widget_type=\"text-editor.default\">\n\t\t\t\t<div class=\"elementor-widget-container\">\n\t\t\t\t\t\t\t\t\t<div>Obenaus hei\u00dft alle willkommen, die hier Zeit verbringen m\u00f6chten \u2013 als G\u00e4ste, als Helfer oder als Fachleute, die ihre Gaben anbieten.<\/div><div>\u00a0<\/div><div>Dies ist ein Ort, an dem sich alles langsam und nat\u00fcrlich entwickelt. Egal, ob Sie nur auf der Durchreise sind oder eine l\u00e4ngere Beziehung zu Land und Leuten aufbauen m\u00f6chten, Sie sind eingeladen, in einen Rhythmus aus ruhiger Arbeit, einfachen Mahlzeiten und bedeutungsvollem Austausch einzutauchen.<\/div><div>\u00a0<\/div><div>Drei M\u00f6glichkeiten, sich uns anzuschlie\u00dfen:<\/div><div>\u00a0<\/div><div>1. Bleiben Sie als Gast<\/div><div>Kommen Sie und entspannen Sie sich. Arbeiten Sie ein paar Tage lang von zu Hause aus. Teilen Sie ein Lagerfeuer. Wandern Sie durch die Berge. Bringen Sie Ihre Familie mit.<\/div><div>Bei Verf\u00fcgbarkeit bieten wir Kurzaufenthalte f\u00fcr Einzelpersonen, Paare und Familien an.<\/div><div>\u00a0<\/div><div>2. Als Work-and-Travel-Begleiter mitmachen<\/div><div>Tausche deine Energie gegen deinen Aufenthalt. Hilf im Garten, rund ums Haus, beim Bauen, Putzen oder bei Projekten \u2013 ganz nach deinen F\u00e4higkeiten und unseren Bed\u00fcrfnissen.<\/div><div>Wir leben eng, aber ohne Druck. Mahlzeiten k\u00f6nnen gemeinsam eingenommen werden. Der Tag ist locker strukturiert.<\/div><div>\u00a0<\/div><div>3. Professionelle Zusammenarbeit<\/div><div>Sind Sie Coach, Therapeut, K\u00fcnstler, K\u00f6rpertherapeut oder Berater? Arbeiten Sie haupts\u00e4chlich online, w\u00fcnschen sich aber eine intensive pers\u00f6nliche Begegnung?<\/div><div>Sie sind eingeladen:<\/div><div>\u2022Veranstalten Sie hier Sitzungen oder Retreats (sofern Platz vorhanden ist)<\/div><div>\u2022F\u00fcgen Sie Ihre Dienste zu unserer Website und unseren Community-Angeboten hinzu<\/div><div>\u2022 Bleiben Sie in der N\u00e4he und nutzen Sie OpenHouse als Treffpunkt f\u00fcr Kunden oder zum Kn\u00fcpfen von Kontakten<\/div><div>\u00a0<\/div><div>Wir haben bereits K\u00f6rpertherapeuten, Aufsteller und Lehrer bei uns willkommen gehei\u00dfen. Einige wohnen in der N\u00e4he, andere kommen saisonal. Wir bauen ein Netzwerk gleichgesinnter Praktiker auf \u2013 und freuen uns, Sie mit Ihrer Arbeit zu verbinden.<\/div>\t\t\t\t\t\t\t\t<\/div>\n\t\t\t\t<\/div>\n\t\t\t\t\t<\/div>\n\t\t\t\t<\/div>\n\t\t<div class=\"elementor-element elementor-element-d2b7aa0 e-flex e-con-boxed e-con e-parent\" data-id=\"d2b7aa0\" data-element_type=\"container\">\n\t\t\t\t\t<div class=\"e-con-inner\">\n\t\t\t\t<div class=\"elementor-element elementor-element-0319e04 elementor-widget elementor-widget-heading\" data-id=\"0319e04\" data-element_type=\"widget\" data-widget_type=\"heading.default\">\n\t\t\t\t<div class=\"elementor-widget-container\">\n\t\t\t\t\t<h2 class=\"elementor-heading-title elementor-size-default\">Neugierig? Melden Sie sich!<\/h2>\t\t\t\t<\/div>\n\t\t\t\t<\/div>\n\t\t\t\t\t<\/div>\n\t\t\t\t<\/div>\n\t\t<div class=\"elementor-element elementor-element-6bab204 e-flex e-con-boxed e-con e-parent\" data-id=\"6bab204\" data-element_type=\"container\">\n\t\t\t\t\t<div class=\"e-con-inner\">\n\t\t\t\t<div class=\"elementor-element elementor-element-766bdaa elementor-widget elementor-widget-text-editor\" data-id=\"766bdaa\" data-element_type=\"widget\" data-widget_type=\"text-editor.default\">\n\t\t\t\t<div class=\"elementor-widget-container\">\n\t\t\t\t\t\t\t\t\t<div>Teilen Sie uns mit, wer Sie sind, wovon Sie tr\u00e4umen und wie Sie mitmachen m\u00f6chten.<\/div><div>Wir reagieren langsam \u2013 und gerne.<\/div>\t\t\t\t\t\t\t\t<\/div>\n\t\t\t\t<\/div>\n\t\t\t\t\t<\/div>\n\t\t\t\t<\/div>\n\t\t\t\t<\/div>","protected":false},"excerpt":{"rendered":"<p>Visit or collaborate \u2013 Bring your work or curiosity to life Obenaus welcomes those who wish to spend time here \u2014 as guests, as helpers, or as professionals offering their gifts.\u00a0This is a place where things unfold slowly and naturally. Whether you\u2019re just passing through or exploring a longer relationship with the land and people [&hellip;]<\/p>\n","protected":false},"author":6,"featured_media":0,"parent":0,"menu_order":0,"comment_status":"closed","ping_status":"closed","template":"","meta":{"site-sidebar-layout":"no-sidebar","site-content-layout":"page-builder","ast-site-content-layout":"full-width-container","site-content-style":"default","site-sidebar-style":"default","ast-global-header-display":"","ast-banner-title-visibility":"","ast-main-header-display":"","ast-hfb-above-header-display":"","ast-hfb-below-header-display":"","ast-hfb-mobile-header-display":"","site-post-title":"disabled","ast-breadcrumbs-content":"","ast-featured-img":"disabled","footer-sml-layout":"","theme-transparent-header-meta":"","adv-header-id-meta":"","stick-header-meta":"","header-above-stick-meta":"","header-main-stick-meta":"","header-below-stick-meta":"","astra-migrate-meta-layouts":"set","ast-page-background-enabled":"default","ast-page-background-meta":{"desktop":{"background-color":"","background-image":"","background-repeat":"repeat","background-position":"center center","background-size":"auto","background-attachment":"scroll","background-type":"","background-media":"","overlay-type":"","overlay-color":"","overlay-opacity":"","overlay-gradient":""},"tablet":{"background-color":"","background-image":"","background-repeat":"repeat","background-position":"center center","background-size":"auto","background-attachment":"scroll","background-type":"","background-media":"","overlay-type":"","overlay-color":"","overlay-opacity":"","overlay-gradient":""},"mobile":{"background-color":"","background-image":"","background-repeat":"repeat","background-position":"center center","background-size":"auto","background-attachment":"scroll","background-type":"","background-media":"","overlay-type":"","overlay-color":"","overlay-opacity":"","overlay-gradient":""}},"ast-content-background-meta":{"desktop":{"background-color":"var(--ast-global-color-5)","background-image":"","background-repeat":"repeat","background-position":"center center","background-size":"auto","background-attachment":"scroll","background-type":"","background-media":"","overlay-type":"","overlay-color":"","overlay-opacity":"","overlay-gradient":""},"tablet":{"background-color":"var(--ast-global-color-5)","background-image":"","background-repeat":"repeat","background-position":"center center","background-size":"auto","background-attachment":"scroll","background-type":"","background-media":"","overlay-type":"","overlay-color":"","overlay-opacity":"","overlay-gradient":""},"mobile":{"background-color":"var(--ast-global-color-5)","background-image":"","background-repeat":"repeat","background-position":"center center","background-size":"auto","background-attachment":"scroll","background-type":"","background-media":"","overlay-type":"","overlay-color":"","overlay-opacity":"","overlay-gradient":""}},"footnotes":""},"class_list":["post-10036","page","type-page","status-publish","hentry"],"_links":{"self":[{"href":"https:\/\/www.obenauscommunity.org\/de\/wp-json\/wp\/v2\/pages\/10036","targetHints":{"allow":["GET"]}}],"collection":[{"href":"https:\/\/www.obenauscommunity.org\/de\/wp-json\/wp\/v2\/pages"}],"about":[{"href":"https:\/\/www.obenauscommunity.org\/de\/wp-json\/wp\/v2\/types\/page"}],"author":[{"embeddable":true,"href":"https:\/\/www.obenauscommunity.org\/de\/wp-json\/wp\/v2\/users\/6"}],"replies":[{"embeddable":true,"href":"https:\/\/www.obenauscommunity.org\/de\/wp-json\/wp\/v2\/comments?post=10036"}],"version-history":[{"count":7,"href":"https:\/\/www.obenauscommunity.org\/de\/wp-json\/wp\/v2\/pages\/10036\/revisions"}],"predecessor-version":[{"id":10085,"href":"https:\/\/www.obenauscommunity.org\/de\/wp-json\/wp\/v2\/pages\/10036\/revisions\/10085"}],"wp:attachment":[{"href":"https:\/\/www.obenauscommunity.org\/de\/wp-json\/wp\/v2\/media?parent=10036"}],"curies":[{"name":"wp","href":"https:\/\/api.w.org\/{rel}","templated":true}]}}